{"id":865,"date":"2020-12-15T19:56:44","date_gmt":"2020-12-15T18:56:44","guid":{"rendered":"http:\/\/julesferry-cannes.fr\/?page_id=865"},"modified":"2020-12-17T09:58:48","modified_gmt":"2020-12-17T08:58:48","slug":"structure-pedagogique","status":"publish","type":"page","link":"https:\/\/julesferry-cannes.fr\/?page_id=865","title":{"rendered":"Structure p\u00e9dagogique"},"content":{"rendered":"\n<ul><li><strong><u>I \/ L\u2019enseignement secondaire<\/u><\/strong><\/li><\/ul>\n\n\n\n<p><strong>8 classes de seconde&nbsp;(options possibles&nbsp;: CIT, CIT Euro, BIOTECH, BIOTECH Euro, SL, SLE, SI)<\/strong><\/p>\n\n\n\n<p><strong>6 classes de premi\u00e8re, fili\u00e8re g\u00e9n\u00e9rale<\/strong><\/p>\n\n\n\n<p><strong>3,5 classes de premi\u00e8re- fili\u00e8res technologiques<\/strong><\/p>\n\n\n\n<p>2 classes de STI2D:<\/p>\n\n\n\n<p><em>Sciences et Technologies de l\u2019Industrie et du D\u00e9veloppement Durable<\/em>&nbsp;&nbsp;&nbsp;&nbsp;&nbsp;&nbsp;&nbsp;&nbsp;&nbsp;&nbsp;&nbsp;&nbsp;&nbsp;&nbsp;&nbsp;&nbsp;&nbsp;&nbsp;&nbsp;&nbsp;&nbsp;&nbsp;&nbsp;&nbsp;&nbsp;&nbsp;&nbsp;&nbsp;&nbsp;&nbsp;&nbsp;&nbsp;&nbsp;&nbsp;&nbsp;&nbsp;&nbsp;&nbsp;&nbsp; &nbsp;&nbsp;&nbsp;&nbsp;&nbsp;&nbsp;&nbsp;&nbsp;&nbsp;&nbsp;&nbsp;&nbsp;&nbsp;&nbsp;&nbsp;&nbsp;&nbsp;&nbsp;&nbsp;&nbsp;&nbsp;&nbsp;&nbsp;&nbsp;&nbsp;&nbsp;&nbsp;&nbsp;&nbsp;&nbsp;&nbsp;&nbsp;&nbsp;&nbsp;&nbsp;&nbsp;&nbsp;&nbsp;&nbsp;&nbsp;&nbsp;&nbsp;&nbsp;<\/p>\n\n\n\n<p>1.5 classes de STL:<\/p>\n\n\n\n<p><em>Sciences et technologies de laboratoire&nbsp;: biotechnologies<\/em><\/p>\n\n\n\n<p><strong>6 classes de terminale fili\u00e8re g\u00e9n\u00e9rale<\/strong><\/p>\n\n\n\n<p><strong>3.5 classes de terminale Fili\u00e8res technologiques<\/strong>&nbsp;&nbsp;&nbsp;<\/p>\n\n\n\n<p><strong><u>II \/ L\u2019enseignement sup\u00e9rieur<\/u><\/strong><\/p>\n\n\n\n<p><strong>Brevet de technicien sup\u00e9rieur formation initial<\/strong><\/p>\n\n\n\n<ul><li>Maintenance des syst\u00e8mes<\/li><li>Syst\u00e8mes num\u00e9riques<\/li><li>Analyses de biologie m\u00e9dicale<\/li><li>Biotechnologies<\/li><\/ul>\n\n\n\n<p><strong><strong>Brevet de technicien par apprentissage<\/strong><\/strong><\/p>\n\n\n\n<ul><li>Maintenance des syst\u00e8mes<\/li><li>Syst\u00e8mes Num\u00e9riques<\/li><\/ul>\n\n\n\n<p><strong>Classe pr\u00e9paratoire aux Grandes \u00c9coles<\/strong><\/p>\n\n\n\n<ul type=\"1\" start=\"2\"><li>Technologies et sciences de l\u2019ing\u00e9nieur \u00ab&nbsp;TSI&nbsp;\u00bb<\/li><li>Adaptation Technicien Sup\u00e9rieur \u00ab&nbsp;ATS&nbsp;\u00bb<\/li><\/ul>\n\n\n\n<hr class=\"wp-block-separator\"\/>\n\n\n<a href=\"https:\/\/julesferry-cannes.fr\/wp-content\/uploads\/2020\/12\/schema-formations-lycee.pdf\" class=\"pdfemb-viewer\" style=\"\" data-width=\"max\" data-height=\"max\"  data-toolbar=\"bottom\" data-toolbar-fixed=\"off\">schema-formations-lycee<br\/><\/a>\n<p class=\"wp-block-pdfemb-pdf-embedder-viewer\"><\/p>\n","protected":false},"excerpt":{"rendered":"<p>I \/ L\u2019enseignement secondaire 8 classes de seconde&nbsp;(options possibles&nbsp;: CIT, CIT Euro, BIOTECH, BIOTECH Euro, SL, SLE, SI) 6 classes de premi\u00e8re, fili\u00e8re g\u00e9n\u00e9rale 3,5 classes de premi\u00e8re- fili\u00e8res technologiques 2 classes de STI2D: Sciences et Technologies de l\u2019Industrie et&hellip;&nbsp;<a href=\"https:\/\/julesferry-cannes.fr\/?page_id=865\" class=\"more-link\">Read More<\/a><\/p>\n","protected":false},"author":3,"featured_media":0,"parent":0,"menu_order":0,"comment_status":"closed","ping_status":"closed","template":"","meta":{"footnotes":""},"_links":{"self":[{"href":"https:\/\/julesferry-cannes.fr\/index.php?rest_route=\/wp\/v2\/pages\/865"}],"collection":[{"href":"https:\/\/julesferry-cannes.fr\/index.php?rest_route=\/wp\/v2\/pages"}],"about":[{"href":"https:\/\/julesferry-cannes.fr\/index.php?rest_route=\/wp\/v2\/types\/page"}],"author":[{"embeddable":true,"href":"https:\/\/julesferry-cannes.fr\/index.php?rest_route=\/wp\/v2\/users\/3"}],"replies":[{"embeddable":true,"href":"https:\/\/julesferry-cannes.fr\/index.php?rest_route=%2Fwp%2Fv2%2Fcomments&post=865"}],"version-history":[{"count":4,"href":"https:\/\/julesferry-cannes.fr\/index.php?rest_route=\/wp\/v2\/pages\/865\/revisions"}],"predecessor-version":[{"id":918,"href":"https:\/\/julesferry-cannes.fr\/index.php?rest_route=\/wp\/v2\/pages\/865\/revisions\/918"}],"wp:attachment":[{"href":"https:\/\/julesferry-cannes.fr\/index.php?rest_route=%2Fwp%2Fv2%2Fmedia&parent=865"}],"curies":[{"name":"wp","href":"https:\/\/api.w.org\/{rel}","templated":true}]}}