{"id":86,"date":"2018-01-09T05:44:29","date_gmt":"2018-01-09T05:44:29","guid":{"rendered":"https:\/\/demo.axlethemes.com\/education-mind-pro\/?page_id=86"},"modified":"2023-06-15T10:12:57","modified_gmt":"2023-06-15T08:12:57","slug":"scholarships-and-aid","status":"publish","type":"page","link":"https:\/\/julesferry-cannes.fr\/?page_id=86","title":{"rendered":"Bourses et  Aides"},"content":{"rendered":"\n<p>La premi\u00e8re campagne de bourses de lyc\u00e9e est ouverte, pour l&rsquo;ann\u00e9e scolaire 2023-2024 <strong>jusqu&rsquo;au 5 juillet 2023 UNIQUEMENT pour les \u00e9l\u00e8ves de secondes, premi\u00e8res et terminales non-boursiers<\/strong> au cours de l&rsquo;ann\u00e9e scolaire 2022\/2023.<\/p>\n\n\n\n<p>La demande de bourse peut se faire :<\/p>\n\n\n\n<ul><li>En ligne via votre compte EduConnect<\/li><li>Ou \u00e0 l&rsquo;aide du formulaire de demande de bourse joint, \u00e0 d\u00e9poser \u00e0 l&rsquo;intendance du lyc\u00e9e. <strong>Attention, pour les situations particuli\u00e8res, seule la demande papier doit \u00eatre utilis\u00e9e (cf. pi\u00e8ce jointe)<\/strong><\/li><\/ul>\n\n\n\n<p><strong>Si votre enfant est d\u00e9j\u00e0 boursier, vous n&rsquo;avez aucune d\u00e9marche \u00e0 faire.&nbsp;<\/strong><\/p>\n\n\n\n<p>Vous trouverez en pi\u00e8ce jointe des documents synth\u00e9tiques explicatifs \u00e0 lire attentivement.&nbsp;<\/p>\n\n\n\n<p>Pour toute demande de renseignement, veuillez vous adresser au service intendance du lyc\u00e9e.&nbsp;<\/p>\n\n\n\n<p>Bien cordialement,&nbsp;<\/p>\n\n\n\n<p>Anouk MELLANO<\/p>\n\n\n\n<p>Adjointe gestionnaire<\/p>\n\n\n\n<div class=\"wp-block-buttons is-layout-flex wp-block-buttons-is-layout-flex\">\n<div class=\"wp-block-button has-custom-font-size is-style-fill has-small-font-size\"><a class=\"wp-block-button__link has-vivid-cyan-blue-background-color has-background\" href=\"https:\/\/julesferry-cannes.fr\/wp-content\/uploads\/2023\/06\/mode-demploi-demande-de-bourse-en-ligne.pdf\" target=\"_blank\" rel=\"noreferrer noopener\">mode d&#8217;emploi demande de bourse en ligne<\/a><\/div>\n\n\n\n<div class=\"wp-block-button has-custom-font-size is-style-fill has-small-font-size\"><a class=\"wp-block-button__link has-vivid-cyan-blue-background-color has-background\" href=\"https:\/\/julesferry-cannes.fr\/wp-content\/uploads\/2023\/06\/demande-de-bourse-sept2023.pdf\" target=\"_blank\" rel=\"noreferrer noopener\">demande de bourse sept2023<\/a><\/div>\n<\/div>\n","protected":false},"excerpt":{"rendered":"<p>La premi\u00e8re campagne de bourses de lyc\u00e9e est ouverte, pour l&rsquo;ann\u00e9e scolaire 2023-2024 jusqu&rsquo;au 5 juillet 2023 UNIQUEMENT pour les \u00e9l\u00e8ves de secondes, premi\u00e8res et terminales non-boursiers au cours de l&rsquo;ann\u00e9e scolaire 2022\/2023. La demande de bourse peut se faire&hellip;&nbsp;<a href=\"https:\/\/julesferry-cannes.fr\/?page_id=86\" class=\"more-link\">Read More<\/a><\/p>\n","protected":false},"author":1,"featured_media":0,"parent":0,"menu_order":0,"comment_status":"closed","ping_status":"closed","template":"","meta":{"footnotes":""},"_links":{"self":[{"href":"https:\/\/julesferry-cannes.fr\/index.php?rest_route=\/wp\/v2\/pages\/86"}],"collection":[{"href":"https:\/\/julesferry-cannes.fr\/index.php?rest_route=\/wp\/v2\/pages"}],"about":[{"href":"https:\/\/julesferry-cannes.fr\/index.php?rest_route=\/wp\/v2\/types\/page"}],"author":[{"embeddable":true,"href":"https:\/\/julesferry-cannes.fr\/index.php?rest_route=\/wp\/v2\/users\/1"}],"replies":[{"embeddable":true,"href":"https:\/\/julesferry-cannes.fr\/index.php?rest_route=%2Fwp%2Fv2%2Fcomments&post=86"}],"version-history":[{"count":6,"href":"https:\/\/julesferry-cannes.fr\/index.php?rest_route=\/wp\/v2\/pages\/86\/revisions"}],"predecessor-version":[{"id":2178,"href":"https:\/\/julesferry-cannes.fr\/index.php?rest_route=\/wp\/v2\/pages\/86\/revisions\/2178"}],"wp:attachment":[{"href":"https:\/\/julesferry-cannes.fr\/index.php?rest_route=%2Fwp%2Fv2%2Fmedia&parent=86"}],"curies":[{"name":"wp","href":"https:\/\/api.w.org\/{rel}","templated":true}]}}