{"id":727,"date":"2020-12-13T14:42:36","date_gmt":"2020-12-13T13:42:36","guid":{"rendered":"http:\/\/julesferry-cannes.fr\/?page_id=727"},"modified":"2025-11-18T16:18:55","modified_gmt":"2025-11-18T15:18:55","slug":"bts-sn-alternance","status":"publish","type":"page","link":"https:\/\/julesferry-cannes.fr\/?page_id=727","title":{"rendered":"BTS CIEL -Electronique &#038; r\u00e9seaux &#8211; En alternance"},"content":{"rendered":"\n<div class=\"wp-block-columns is-layout-flex wp-container-core-columns-layout-1 wp-block-columns-is-layout-flex\">\n<div class=\"wp-block-column is-layout-flow wp-block-column-is-layout-flow\">\n<div class=\"wp-block-buttons is-layout-flex wp-block-buttons-is-layout-flex\"><\/div>\n<\/div>\n\n\n\n<div class=\"wp-block-column is-layout-flow wp-block-column-is-layout-flow\">\n<div class=\"wp-block-buttons is-layout-flex wp-block-buttons-is-layout-flex\"><\/div>\n<\/div>\n<\/div>\n\n\n\n<hr class=\"wp-block-separator has-css-opacity\"\/>\n\n\n\n<p>Pour postuler au BTS CIEL en alternance, vous devez postuler via Parcoursup et vous pr\u00e9inscrire au CFAI en pr\u00e9cisant que vous souhaitez suivre la formation au Lyc\u00e9e Jules Ferry Cannes.<\/p>\n\n\n\n<div class=\"wp-block-columns is-layout-flex wp-container-core-columns-layout-2 wp-block-columns-is-layout-flex\">\n<div class=\"wp-block-column is-layout-flow wp-block-column-is-layout-flow\">\n<div class=\"wp-block-buttons is-layout-flex wp-block-buttons-is-layout-flex\">\n<div class=\"wp-block-button\"><a class=\"wp-block-button__link has-vivid-purple-background-color has-background wp-element-button\" href=\"https:\/\/candidature-cfai-provence.hub3e.com\/\">Se pr\u00e9inscrire au CFAI<\/a><\/div>\n<\/div>\n<\/div>\n\n\n\n<div class=\"wp-block-column is-layout-flow wp-block-column-is-layout-flow\">\n<div class=\"wp-block-buttons is-layout-flex wp-block-buttons-is-layout-flex\">\n<div class=\"wp-block-button\"><a class=\"wp-block-button__link has-white-color has-vivid-purple-background-color has-text-color has-background wp-element-button\" href=\"https:\/\/www.parcoursup.fr\/\" target=\"_blank\" rel=\"noreferrer noopener\">Postuler via Parcoursup<\/a><\/div>\n<\/div>\n\n\n\n<p><\/p>\n<\/div>\n<\/div>\n\n\n\n<hr class=\"wp-block-separator has-css-opacity\"\/>\n\n\n<a href=\"https:\/\/julesferry-cannes.fr\/wp-content\/uploads\/2025\/11\/08282-LYCEE-JULES-FERRY-Roll-up-CiEl-V5.pdf\" class=\"pdfemb-viewer\" style=\"\" data-width=\"max\" data-height=\"max\"  data-toolbar=\"bottom\" data-toolbar-fixed=\"off\">08282-LYCEE-JULES-FERRY-Roll-up-CiEl-V5<br\/><\/a>\n<p class=\"wp-block-pdfemb-pdf-embedder-viewer\"><\/p>\n\n\n<a href=\"https:\/\/julesferry-cannes.fr\/wp-content\/uploads\/2023\/01\/bts-sn-apprentissage-page-1.pdf\" class=\"pdfemb-viewer\" style=\"\" data-width=\"max\" data-height=\"max\"  data-toolbar=\"bottom\" data-toolbar-fixed=\"off\">bts-sn-apprentissage-page-1<br\/><\/a>\n<p class=\"wp-block-pdfemb-pdf-embedder-viewer\"><\/p>\n\n\n<a href=\"https:\/\/julesferry-cannes.fr\/wp-content\/uploads\/2023\/01\/bts-sn-apprentissage-page-2.pdf\" class=\"pdfemb-viewer\" style=\"\" data-width=\"max\" data-height=\"max\"  data-toolbar=\"bottom\" data-toolbar-fixed=\"off\">bts-sn-apprentissage-page-2<br\/><\/a>\n<p class=\"wp-block-pdfemb-pdf-embedder-viewer\"><\/p>\n\n\n\n<div class=\"wp-block-file\"><a id=\"wp-block-file--media-f2a5514d-ae18-4b37-80c4-4db682891476\" href=\"https:\/\/julesferry-cannes.fr\/wp-content\/uploads\/2023\/01\/bts-sn-apprentissage.pdf\">bts sn apprentissage<\/a><a href=\"https:\/\/julesferry-cannes.fr\/wp-content\/uploads\/2023\/01\/bts-sn-apprentissage.pdf\" class=\"wp-block-file__button wp-element-button\" download aria-describedby=\"wp-block-file--media-f2a5514d-ae18-4b37-80c4-4db682891476\">T\u00e9l\u00e9charger flyer BTS CIEL Alternance<\/a><\/div>\n\n\n<a href=\"https:\/\/julesferry-cannes.fr\/wp-content\/uploads\/2020\/12\/uimm_bts_sn_option_ec-1.pdf\" class=\"pdfemb-viewer\" style=\"\" data-width=\"max\" data-height=\"max\"  data-toolbar=\"bottom\" data-toolbar-fixed=\"off\">uimm_bts_sn_option_ec-1<br\/><\/a>\n<p class=\"wp-block-pdfemb-pdf-embedder-viewer\"><\/p>\n\n\n\n<p><\/p>\n","protected":false},"excerpt":{"rendered":"<p>Pour postuler au BTS CIEL en alternance, vous devez postuler via Parcoursup et vous pr\u00e9inscrire au CFAI en pr\u00e9cisant que vous souhaitez suivre la formation au Lyc\u00e9e Jules Ferry Cannes.<\/p>\n","protected":false},"author":3,"featured_media":0,"parent":0,"menu_order":0,"comment_status":"closed","ping_status":"closed","template":"templates\/full-width.php","meta":{"footnotes":""},"_links":{"self":[{"href":"https:\/\/julesferry-cannes.fr\/index.php?rest_route=\/wp\/v2\/pages\/727"}],"collection":[{"href":"https:\/\/julesferry-cannes.fr\/index.php?rest_route=\/wp\/v2\/pages"}],"about":[{"href":"https:\/\/julesferry-cannes.fr\/index.php?rest_route=\/wp\/v2\/types\/page"}],"author":[{"embeddable":true,"href":"https:\/\/julesferry-cannes.fr\/index.php?rest_route=\/wp\/v2\/users\/3"}],"replies":[{"embeddable":true,"href":"https:\/\/julesferry-cannes.fr\/index.php?rest_route=%2Fwp%2Fv2%2Fcomments&post=727"}],"version-history":[{"count":26,"href":"https:\/\/julesferry-cannes.fr\/index.php?rest_route=\/wp\/v2\/pages\/727\/revisions"}],"predecessor-version":[{"id":2725,"href":"https:\/\/julesferry-cannes.fr\/index.php?rest_route=\/wp\/v2\/pages\/727\/revisions\/2725"}],"wp:attachment":[{"href":"https:\/\/julesferry-cannes.fr\/index.php?rest_route=%2Fwp%2Fv2%2Fmedia&parent=727"}],"curies":[{"name":"wp","href":"https:\/\/api.w.org\/{rel}","templated":true}]}}