{"id":712,"date":"2020-12-13T14:04:47","date_gmt":"2020-12-13T13:04:47","guid":{"rendered":"http:\/\/julesferry-cannes.fr\/?page_id=712"},"modified":"2025-11-18T16:14:31","modified_gmt":"2025-11-18T15:14:31","slug":"bts-ms-alternance-2","status":"publish","type":"page","link":"https:\/\/julesferry-cannes.fr\/?page_id=712","title":{"rendered":"BTS Maintenance des syst\u00e8mes en alternance"},"content":{"rendered":"\n<p class=\"has-text-align-center has-luminous-vivid-orange-color has-text-color\">Pour postuler au BTS MS en alternance, vous devez postuler via Parcoursup et vous pr\u00e9-inscrire au CFAI en pr\u00e9cisant que vous souhaitez suivre la formation au Lyc\u00e9e Jules Ferry Cannes.<\/p>\n\n\n\n<div class=\"wp-block-columns is-layout-flex wp-container-core-columns-layout-1 wp-block-columns-is-layout-flex\">\n<div class=\"wp-block-column is-layout-flow wp-block-column-is-layout-flow\">\n<div class=\"wp-block-buttons is-layout-flex wp-block-buttons-is-layout-flex\">\n<div class=\"wp-block-button is-style-fill\"><a class=\"wp-block-button__link has-white-color has-text-color has-background has-link-color wp-element-button\" href=\"https:\/\/candidature-cfai-provence.hub3e.com\/\" style=\"border-radius:0px;background-color:#083a6f\" target=\"_blank\" rel=\"noreferrer noopener\">Se pr\u00e9-inscrire au CFAI <\/a><\/div>\n<\/div>\n<\/div>\n\n\n\n<div class=\"wp-block-column is-layout-flow wp-block-column-is-layout-flow\">\n<div class=\"wp-block-buttons is-layout-flex wp-block-buttons-is-layout-flex\">\n<div class=\"wp-block-button\"><a class=\"wp-block-button__link has-white-color has-text-color has-background has-link-color wp-element-button\" href=\"https:\/\/www.parcoursup.fr\/\" style=\"border-radius:0px;background-color:#083a6f\" target=\"_blank\" rel=\"noreferrer noopener\">Postuler via Parcoursup<\/a><\/div>\n<\/div>\n<\/div>\n<\/div>\n\n\n\n<hr class=\"wp-block-separator has-css-opacity\"\/>\n\n\n<a href=\"https:\/\/julesferry-cannes.fr\/wp-content\/uploads\/2025\/11\/08282-LYCEE-JULES-FERRY-Roll-up-MS-V5.pdf\" class=\"pdfemb-viewer\" style=\"\" data-width=\"max\" data-height=\"max\"  data-toolbar=\"bottom\" data-toolbar-fixed=\"off\">08282-LYCEE-JULES-FERRY-Roll-up-MS-V5<br\/><\/a>\n<p class=\"wp-block-pdfemb-pdf-embedder-viewer\"><\/p>\n\n\n<a href=\"https:\/\/julesferry-cannes.fr\/wp-content\/uploads\/2021\/01\/brochure-ms-app-page-1.pdf\" class=\"pdfemb-viewer\" style=\"\" data-width=\"max\" data-height=\"max\"  data-toolbar=\"bottom\" data-toolbar-fixed=\"off\">brochure-ms-app-page-1<br\/><\/a>\n<p class=\"wp-block-pdfemb-pdf-embedder-viewer\"><\/p>\n\n\n<a href=\"https:\/\/julesferry-cannes.fr\/wp-content\/uploads\/2021\/01\/brochure-ms-app-page-2.pdf\" class=\"pdfemb-viewer\" style=\"\" data-width=\"max\" data-height=\"max\"  data-toolbar=\"bottom\" data-toolbar-fixed=\"off\">brochure-ms-app-page-2<br\/><\/a>\n<p class=\"wp-block-pdfemb-pdf-embedder-viewer\"><\/p>\n\n\n\n<div class=\"wp-block-file\"><a id=\"wp-block-file--media-6a81a2dc-bb28-4406-a801-ac4390bf8cd1\" href=\"http:\/\/julesferry-cannes.fr\/wp-content\/uploads\/2021\/01\/bts-ms-apprentissage-modifie-12_20-1.pdf\">bts ms (apprentissage) modifi\u00e9 12_20<\/a><a href=\"http:\/\/julesferry-cannes.fr\/wp-content\/uploads\/2021\/01\/bts-ms-apprentissage-modifie-12_20-1.pdf\" class=\"wp-block-file__button wp-element-button\" download aria-describedby=\"wp-block-file--media-6a81a2dc-bb28-4406-a801-ac4390bf8cd1\">T\u00e9l\u00e9charger le flyer BTS MS Alternance<\/a><\/div>\n\n\n\n<hr class=\"wp-block-separator has-css-opacity\"\/>\n\n\n<a href=\"https:\/\/julesferry-cannes.fr\/wp-content\/uploads\/2020\/12\/uimm_bts_ms_sp_maintenance_systemes_option_systemes_production-1.pdf\" class=\"pdfemb-viewer\" style=\"\" data-width=\"max\" data-height=\"max\"  data-toolbar=\"bottom\" data-toolbar-fixed=\"off\">uimm_bts_ms_sp_maintenance_systemes_option_systemes_production-1<br\/><\/a>\n<p class=\"wp-block-pdfemb-pdf-embedder-viewer\"><\/p>\n\n\n\n<p><\/p>\n\n\n\n<h1 class=\"wp-block-heading\"><strong><span class=\"has-inline-color has-vivid-cyan-blue-color\">Que sont devenus nos anciens \u00e9l\u00e8ves ?<\/span><\/strong><\/h1>\n\n\n<div class=\"wp-block-image\">\n<figure class=\"alignright size-large\"><img loading=\"lazy\" decoding=\"async\" width=\"200\" height=\"200\" src=\"https:\/\/julesferry-cannes.fr\/wp-content\/uploads\/2021\/02\/Julie.jpeg\" alt=\"\" class=\"wp-image-1159\" srcset=\"https:\/\/julesferry-cannes.fr\/wp-content\/uploads\/2021\/02\/Julie.jpeg 200w, https:\/\/julesferry-cannes.fr\/wp-content\/uploads\/2021\/02\/Julie-150x150.jpeg 150w\" sizes=\"(max-width: 200px) 100vw, 200px\" \/><\/figure><\/div>\n\n\n<div class=\"wp-block-pb-accordion-item c-accordion__item js-accordion-item no-js\" data-initially-open=\"false\" data-click-to-close=\"true\" data-auto-close=\"true\" data-scroll=\"false\" data-scroll-offset=\"0\"><h4 id=\"at-7120\" class=\"c-accordion__title js-accordion-controller\" role=\"button\"><strong>Julie &#8211; Promo 2010 Apprentissage<\/strong> &#8211; Bac STI<br>Bacheli\u00e8re en 2008, j\u2019ai confirm\u00e9 mon orientation dans le domaine industriel. Dipl\u00f4m\u00e9e d\u2019un BTS Maintenance Industrielle en 2010, formation que j\u2019ai r\u00e9alis\u00e9 via la voie de l\u2019apprentissage avec Schneider Electric et le lyc\u00e9e Jules Ferry, j\u2019ai poursuivi mes \u00e9tudes avec l\u2019obtention d\u2019une Licence Professionnelle en Management des Organisations option Management de la Qualit\u00e9, toujours via l\u2019apprentissage.<br>J\u2019ai d\u00e9but\u00e9 ma carri\u00e8re professionnelle en 2011, en exer\u00e7ant le m\u00e9tier d\u2019assistante qualit\u00e9 au sein d\u2019une entreprise sp\u00e9cialis\u00e9e dans la chaudronnerie fine a\u00e9ronautique. J\u2019avais pour mission quotidienne le traitement des non-conformit\u00e9s (internes, externes et tierces parties). J\u2019ai particip\u00e9 \u00e0 instaurer la vision et la politique d\u2019am\u00e9lioration continue au sein de cette PME, notamment \u00e0 travers le Syst\u00e8me de Management de la Qualit\u00e9 que j\u2019ai mis en place, maintenu et fait \u00e9voluer tout au long de mon exercice.<br><br>&#8211; &#8211; &#8211; &#8211; -&gt; Cliquer pour voir la suite &#8230;<\/h4><div id=\"ac-7120\" class=\"c-accordion__content\">\n<p>En 2014, Schneider Electric m\u2019a contact\u00e9 pour me proposer un poste de technicienne de maintenance au sein d\u2019un service exclusivement constitu\u00e9 d\u2019une dizaine d\u2019hommes, offre que j\u2019ai choisi d\u2019accepter. Mes missions quotidiennes consistaient dans un premier temps \u00e0 r\u00e9aliser les interventions de maintenance (curatives, pr\u00e9ventives et am\u00e9lioratives). Puis il m\u2019a \u00e9t\u00e9 confi\u00e9 de nouvelles missions transverses telles que le pilotage des r\u00e9unions d\u2019\u00e9quipe et celui de r\u00e9unions pluridisciplinaires. J\u2019ai aussi pu conduire des projets d\u2019am\u00e9lioration continue et d\u2019introduction de nouveaux moyens de production, \u00e0 travers lesquels j\u2019ai anim\u00e9 des \u00e9volutions et produit des r\u00e9sultats.<\/p>\n\n\n\n<p>Rapidement, j\u2019ai \u00e9t\u00e9 nomm\u00e9e responsable m\u00e9trologie de notre parc, constitu\u00e9 de plus de 500 appareils. Ainsi je me suis vue en charge de la planification des fournisseurs (maintenance et m\u00e9trologie) et de la revue des contrats. En parall\u00e8le j\u2019ai pu piloter le transfert de 5 lignes de production sur notre site. Au-del\u00e0 de ces missions, je recrutai, accompagnai et formai des apprentis depuis mon arriv\u00e9e. Aussi, durant 5 ans, J\u2019ai r\u00e9alis\u00e9 la coordination partielle de l\u2019\u00e9quipe maintenance. Par l\u2019\u00e9volution de mon poste du fait de ses fonctions diverses et transversales, je suis assimil\u00e9e cadre.<\/p>\n\n\n\n<p>Pour donner suite \u00e0 ce parcours professionnel et d\u2019un commun accord avec ma direction, je me suis tourn\u00e9e en 2018 vers le cursus d\u2019ing\u00e9nierisation en g\u00e9nie industriel. Cela en vue d\u2019acqu\u00e9rir les comp\u00e9tences n\u00e9cessaires pour compl\u00e9ter mon profil et me dipl\u00f4mer ing\u00e9nieur.<\/p>\n\n\n\n<p>A l\u2019issue de ces 2 ann\u00e9es de formation avec l\u2019\u00e9cole des Mines de Saint Etienne, j\u2019ai \u00e9t\u00e9 dipl\u00f4m\u00e9e en juillet 2020, puis promue au poste d\u2019ing\u00e9nieure qualit\u00e9 fournisseur le mois suivant.<\/p>\n<\/div><\/div>\n\n\n\n<hr class=\"wp-block-separator has-css-opacity\"\/>\n\n\n<div class=\"wp-block-image\">\n<figure class=\"alignright size-large is-resized\"><img loading=\"lazy\" decoding=\"async\" width=\"296\" height=\"296\" src=\"https:\/\/julesferry-cannes.fr\/wp-content\/uploads\/2021\/02\/christophe.png\" alt=\"\" class=\"wp-image-1162\" style=\"width:200px;height:200px\" srcset=\"https:\/\/julesferry-cannes.fr\/wp-content\/uploads\/2021\/02\/christophe.png 296w, https:\/\/julesferry-cannes.fr\/wp-content\/uploads\/2021\/02\/christophe-150x150.png 150w, https:\/\/julesferry-cannes.fr\/wp-content\/uploads\/2021\/02\/christophe-270x270.png 270w\" sizes=\"(max-width: 296px) 100vw, 296px\" \/><\/figure><\/div>\n\n\n<div class=\"wp-block-pb-accordion-item c-accordion__item js-accordion-item no-js\" data-initially-open=\"false\" data-click-to-close=\"true\" data-auto-close=\"true\" data-scroll=\"false\" data-scroll-offset=\"0\"><h4 id=\"at-7121\" class=\"c-accordion__title js-accordion-controller\" role=\"button\"><strong>Christophe- Promo 2011 Apprentissage &#8211; Bac Pro Electrotechnique<\/strong><br>Mon parcours professionnel commence \u00e0 Cannes, au Lyc\u00e9e Jules Ferry, o\u00f9 j\u2019ai fait un BTS Maintenance Industrielle en Alternance : d\u2019un c\u00f4t\u00e9 le lyc\u00e9e\/ les cours, de l\u2019autre l\u2019entreprise\/ le travail! <br>J\u2019ai sign\u00e9 mon contrat d\u2019apprentissage chez Legrand S.A., qui est LE fabricant fran\u00e7ais de mat\u00e9riel \u00e9lectrique. Physiquement j\u2019ai fait mes 2 ann\u00e9es d\u2019alternance \u00e0 l\u2019usine d\u2019Antibes, qui est la division \u00ab protection \u00bb du groupe, elle produit tous les disjoncteurs du catalogue Legrand.<br>A la fin de mon contrat d\u2019apprentissage (et \u00e0 l\u2019obtention de mon BTS en 2011) Legrand m\u2019a propos\u00e9 un Contrat \u00e0 Dur\u00e9e D\u00e9termin\u00e9e, un CDD de 12mois. Contrat que j\u2019ai accept\u00e9 imm\u00e9diatement ! C\u2019est une chance d\u2019obtenir un travail d\u00e8s la sortie de \u00ab l\u2019\u00e9cole \u00bb.<br><br>&#8211; &#8211; &#8211; &#8211; -&gt; Cliquer pour voir la suite &#8230;<\/h4><div id=\"ac-7121\" class=\"c-accordion__content\">\n<p>12mois plus tard, satisfait de mon travail, Legrand Antibes me propose un \u00ab&nbsp;bonus&nbsp;\u00bb de 6mois, r\u00e9sultat&nbsp;: 2ans d\u2019apprentissage et 18mois de CDD&nbsp;!<\/p>\n\n\n\n<p>N.B. Les jeunes ont souvent beaucoup de dipl\u00f4mes mais peu d\u2019exp\u00e9rience, et l\u2019alternance apporte cette exp\u00e9rience, les entreprises adorent&nbsp;!<\/p>\n\n\n\n<p>Apr\u00e8s Legrand Antibes&nbsp;j\u2019ai tent\u00e9 des candidatures spontan\u00e9es, j\u2019\u00e9tais s\u00fbr de moi, j\u2019ai tap\u00e9 aux portes de plusieurs entreprises, tel que la SNCF, Malongo, Lancaster, Enedis, RTE&#8230; Puis j\u2019ai fait mon choix&nbsp;! Je n\u2019ai eu qu\u2019\u00e0 choisir.<\/p>\n\n\n\n<p>Avec un BTS Maintenance&nbsp; j\u2019\u00e9tais certain de trouver du travail, il y a une telle demande dans la r\u00e9gion, entre les usines de parfums de Grasse, les zones industrielles de Sophia Antipolis, de Carros, les usines de Monaco et bien d\u2019autres, il est clair que les offres d\u2019emploi concernant les techniciens de maintenance ne manquent pas.<\/p>\n\n\n\n<p>Et plus je passais d\u2019entretien, plus je prenais confiance en moi, allant m\u00eame jusqu\u2019\u00e0 n\u00e9gocier mon salaire&nbsp;! Tous les managers, les RH, \u00e9taient emball\u00e9s par mon parcours Bac Pro &#8211; BTS en alternance, alors j\u2019en ai profit\u00e9&nbsp;!<\/p>\n\n\n\n<p>Ce choix a \u00e9t\u00e9 le bon, aujourd\u2019hui je suis Charg\u00e9 de Travaux sur des chantiers \u00e0 enjeu, dans une entreprise historique, qui est autre qu\u2019EDF, une entreprise avec des valeurs. J\u2019ai surtout la chance d\u2019\u00eatre \u00e9panoui dans mon travail.<\/p>\n\n\n\n<p>Cela fait 7 ans que je suis technicien \u00ab&nbsp;Automatismes Syst\u00e8mes Industriels&nbsp;\u00bb chez RTE, filiale du groupe EDF et demain je serai technicien \u00ab&nbsp;Agence Interventions Sp\u00e9cialis\u00e9es&nbsp;\u00bb chez Enedis, pour d\u00e9couvrir autre chose&nbsp;! C\u2019est important pour moi de sortir de ma zone de confort, de ne pas rester sur mes acquis, de me lancer des challenges, de continuer \u00e0 stimuler mon cerveau.<\/p>\n<\/div><\/div>\n\n\n\n<hr class=\"wp-block-separator has-css-opacity\"\/>\n\n\n<div class=\"wp-block-image\">\n<figure class=\"alignright size-large is-resized\"><img loading=\"lazy\" decoding=\"async\" width=\"768\" height=\"1024\" src=\"https:\/\/julesferry-cannes.fr\/wp-content\/uploads\/2021\/02\/Jean-Marie1-768x1024.jpg\" alt=\"\" class=\"wp-image-1209\" style=\"width:164px\" srcset=\"https:\/\/julesferry-cannes.fr\/wp-content\/uploads\/2021\/02\/Jean-Marie1-768x1024.jpg 768w, https:\/\/julesferry-cannes.fr\/wp-content\/uploads\/2021\/02\/Jean-Marie1-225x300.jpg 225w, https:\/\/julesferry-cannes.fr\/wp-content\/uploads\/2021\/02\/Jean-Marie1-1152x1536.jpg 1152w, https:\/\/julesferry-cannes.fr\/wp-content\/uploads\/2021\/02\/Jean-Marie1-1536x2048.jpg 1536w, https:\/\/julesferry-cannes.fr\/wp-content\/uploads\/2021\/02\/Jean-Marie1-203x270.jpg 203w, https:\/\/julesferry-cannes.fr\/wp-content\/uploads\/2021\/02\/Jean-Marie1-scaled.jpg 1920w\" sizes=\"(max-width: 768px) 100vw, 768px\" \/><\/figure><\/div>\n\n\n<div class=\"wp-block-pb-accordion-item c-accordion__item js-accordion-item no-js\" data-initially-open=\"false\" data-click-to-close=\"true\" data-auto-close=\"true\" data-scroll=\"false\" data-scroll-offset=\"0\"><h4 id=\"at-7122\" class=\"c-accordion__title js-accordion-controller\" role=\"button\"><br><strong>Jean-Marie &#8211; Promo 2018 en apprentissage &#8211; Bac STI<\/strong>2D<br>A la fin de mon BTS Maintenance j&rsquo;ai suivi une classe pr\u00e9paratoire ATS d&rsquo;un an au lyc\u00e9e Jules Ferry. J&rsquo;ai rencontr\u00e9&nbsp;des difficult\u00e9s en Math\u00e9matiques o\u00f9 le niveau est bien plus \u00e9lev\u00e9 qu&rsquo;en BTS par contre j&rsquo;\u00e9tais \u00e0 l&rsquo;aise en Ing\u00e9nierie car j&rsquo;avais des notions pratiques de ce que l&rsquo;on \u00e9tudie.<br>J&rsquo;ai ensuite pass\u00e9 avec succ\u00e8s le concours d&rsquo;entr\u00e9e aux Arts et M\u00e9tiers.&nbsp;Je ne ressens que peu de difficult\u00e9s, en grande partie gr\u00e2ce \u00e0 la CPGE ATS qui m&rsquo;a appris \u00e0 travailler efficacement et au&nbsp;BTS en apprentissage qui m&rsquo;a offert une vision de l&rsquo;entreprise que les \u00e9tudiants ne peuvent avoir avec des cursus comme la classe pr\u00e9pa int\u00e9gr\u00e9e.<\/h4><div id=\"ac-7122\" class=\"c-accordion__content\"><\/div><\/div>\n\n\n\n<p>J&rsquo;ai sign\u00e9 un contrat d&rsquo;apprentissage pour trois ans chez ENEDIS, dans lequel je m&rsquo;occupais de la prescription du besoin technique des engins, tels que des nacelles ou des foreuses.<\/p>\n\n\n\n<p>Apr\u00e8s l&rsquo;\u00e9cole d&rsquo;ing\u00e9nieur, ENEDIS a souhait\u00e9 m&#8217;embaucher au m\u00eame poste que durant mon alternance, j&rsquo;ai donc pu n\u00e9gocier divers points comme la position g\u00e9ographique, certaines primes&#8230; Je travaille dans l&rsquo;entreprise depuis 2022 et j&rsquo;y retrouve un parfait m\u00e9lange entre technique et logistique.<\/p>\n\n\n\n<hr class=\"wp-block-separator has-css-opacity\"\/>\n\n\n\n<div class=\"wp-block-pb-accordion-item c-accordion__item js-accordion-item no-js\" data-initially-open=\"false\" data-click-to-close=\"true\" data-auto-close=\"true\" data-scroll=\"false\" data-scroll-offset=\"0\"><h4 id=\"at-7123\" class=\"c-accordion__title js-accordion-controller\" role=\"button\"><br><strong>Adrien &#8211; Promo 2009 en Apprentissage &#8211; Bac Pro Maintenance<\/strong><br>Je suis pass\u00e9 par un Bac Pro Maintenance, suivi d&rsquo;un BTS et j&rsquo;ai fini avec une licence \u00ab Responsable Secteur Production Industrielle \u00bb. Pour tout ce cursus, j&rsquo;ai choisi l&rsquo;alternance afin de mettre en pratique ce que j&rsquo;apprenais en cours. D&rsquo;un c\u00f4t\u00e9, cela m&rsquo;a permis de voir si j&rsquo;aimais ce m\u00e9tier. D&rsquo;un autre c\u00f4t\u00e9, cela s&rsquo;est av\u00e9r\u00e9 bien utile car en sortant de l&rsquo;\u00e9cole, j&rsquo;avais d\u00e9j\u00e0 acquis une bonne exp\u00e9rience du terrain et confront\u00e9 la diff\u00e9rence entre th\u00e9orie et pratique.<br>&#8211; &#8211; &#8211; &#8211; -&gt; Cliquer pour voir la suite &#8230;<\/h4><div id=\"ac-7123\" class=\"c-accordion__content\">\n<p><\/p>\n\n\n\n<p>J&rsquo;ai choisi la maintenance car cette fili\u00e8re professionnelle offre un large \u00e9ventail de comp\u00e9tences. On y touche \u00e0 tout : \u00e9lectricit\u00e9, pneumatique, m\u00e9canique, hydraulique, automatisme et bien d&rsquo;autres encore! Chacun peut y trouver la voie qui lui correspond, sur le terrain ou dans un bureau, itin\u00e9rant ou s\u00e9dentaire, s&rsquo;\u00e9panouir dans un seul domaine ou dans plusieurs en m\u00eame temps, \u00e0 travailler sur des syst\u00e8mes \u00e0 quelques centaines d&rsquo;euros ou des lignes enti\u00e8res \u00e0 plusieurs millions d&rsquo;euros&#8230; Je ne crois pas qu&rsquo;il y ait d&rsquo;autres m\u00e9tiers aussi complets.<\/p>\n\n\n\n<p>Gr\u00e2ce \u00e0 l&rsquo;apprentissage, j&rsquo;ai \u00e9t\u00e9 accept\u00e9 partout o\u00f9 j&rsquo;ai postul\u00e9 d\u00e8s la sortie de ma scolarit\u00e9. J&rsquo;ai commenc\u00e9 par Malongo (fabrication de caf\u00e9s, \u00e0 Carros), je suis ensuite all\u00e9 \u00e0 Lancaster (fabrication de cosm\u00e9tiques, \u00e0 Monaco), et aujourd&rsquo;hui je suis \u00e0 Virbac (fabrication de vaccins, \u00e0 Carros).<\/p>\n\n\n\n<p>Jeune mais exp\u00e9riment\u00e9, je n&rsquo;ai pas h\u00e9sit\u00e9 \u00e0 changer r\u00e9guli\u00e8rement d&rsquo;entreprise pour \u00e9toffer mes connaissances techniques en parcourant 5 entreprises diff\u00e9rentes. Aujourd&rsquo;hui, cela fait 8 ans que je suis dans une entreprise qui correspond \u00e0 mes attentes en tant que technicien, tout en gardant en t\u00eate des objectifs d&rsquo;\u00e9volution professionnelle tel que chef d&rsquo;\u00e9quipe, charg\u00e9 de projets, ou d&rsquo;autres postes \u00e0 responsabilit\u00e9 dans le domaine technique.<\/p>\n<\/div><\/div>\n\n\n\n<hr class=\"wp-block-separator has-css-opacity\"\/>\n\n\n\n<p><a href=\"https:\/\/julesferry-cannes.fr\/?page_id=439\">==&gt; Voir le BTS MS en formation initiale<\/a><\/p>\n","protected":false},"excerpt":{"rendered":"<p>Pour postuler au BTS MS en alternance, vous devez postuler via Parcoursup et vous pr\u00e9-inscrire au CFAI en pr\u00e9cisant que vous souhaitez suivre la formation au Lyc\u00e9e Jules Ferry Cannes. Que sont devenus nos anciens \u00e9l\u00e8ves ? J&rsquo;ai sign\u00e9 un&hellip;&nbsp;<a href=\"https:\/\/julesferry-cannes.fr\/?page_id=712\" class=\"more-link\">Read More<\/a><\/p>\n","protected":false},"author":3,"featured_media":0,"parent":0,"menu_order":0,"comment_status":"closed","ping_status":"closed","template":"templates\/full-width.php","meta":{"footnotes":""},"_links":{"self":[{"href":"https:\/\/julesferry-cannes.fr\/index.php?rest_route=\/wp\/v2\/pages\/712"}],"collection":[{"href":"https:\/\/julesferry-cannes.fr\/index.php?rest_route=\/wp\/v2\/pages"}],"about":[{"href":"https:\/\/julesferry-cannes.fr\/index.php?rest_route=\/wp\/v2\/types\/page"}],"author":[{"embeddable":true,"href":"https:\/\/julesferry-cannes.fr\/index.php?rest_route=\/wp\/v2\/users\/3"}],"replies":[{"embeddable":true,"href":"https:\/\/julesferry-cannes.fr\/index.php?rest_route=%2Fwp%2Fv2%2Fcomments&post=712"}],"version-history":[{"count":94,"href":"https:\/\/julesferry-cannes.fr\/index.php?rest_route=\/wp\/v2\/pages\/712\/revisions"}],"predecessor-version":[{"id":2720,"href":"https:\/\/julesferry-cannes.fr\/index.php?rest_route=\/wp\/v2\/pages\/712\/revisions\/2720"}],"wp:attachment":[{"href":"https:\/\/julesferry-cannes.fr\/index.php?rest_route=%2Fwp%2Fv2%2Fmedia&parent=712"}],"curies":[{"name":"wp","href":"https:\/\/api.w.org\/{rel}","templated":true}]}}