{"id":580,"date":"2020-12-11T18:35:57","date_gmt":"2020-12-11T17:35:57","guid":{"rendered":"http:\/\/julesferry-cannes.fr\/?page_id=580"},"modified":"2025-11-18T16:25:50","modified_gmt":"2025-11-18T15:25:50","slug":"bts","status":"publish","type":"page","link":"https:\/\/julesferry-cannes.fr\/?page_id=580","title":{"rendered":"Nos BTS"},"content":{"rendered":"\n<p>Le brevet de technicien sup\u00e9rieur se pr\u00e9pare en 2 ans apr\u00e8s le bac. L\u2019acc\u00e8s est s\u00e9lectif et le rythme de travail soutenu. Pas de d\u00e9paysement majeur par rapport \u00e0 l\u2019ann\u00e9e de terminale, mais un accent sur la professionnalisation. En effet, le dipl\u00f4me correspond \u00e0 une cible professionnelle pr\u00e9cise, r\u00e9pondant aux besoins des entreprises.<\/p>\n\n\n\n<hr class=\"wp-block-separator has-css-opacity\"\/>\n\n\n\n<div class=\"wp-block-buttons is-layout-flex wp-block-buttons-is-layout-flex\">\n<div class=\"wp-block-button\"><a class=\"wp-block-button__link has-vivid-green-cyan-background-color has-background wp-element-button\" href=\"https:\/\/julesferry-cannes.fr\/?page_id=1770\">BTS de biologie m\u00e9dicale  (BM)   &#8211; Sous statut scolaire et alternance                                           <\/a><\/div>\n<\/div>\n\n\n\n<div class=\"wp-block-buttons is-layout-flex wp-block-buttons-is-layout-flex\">\n<div class=\"wp-block-button\"><a class=\"wp-block-button__link has-vivid-green-cyan-background-color has-background wp-element-button\" href=\"https:\/\/julesferry-cannes.fr\/?page_id=667\">BTS Biotechnologie en recherche et production                                                                           <\/a><\/div>\n<\/div>\n\n\n\n<div class=\"wp-block-buttons is-layout-flex wp-block-buttons-is-layout-flex\">\n<div class=\"wp-block-button\"><a class=\"wp-block-button__link has-vivid-cyan-blue-background-color has-background wp-element-button\" href=\"http:\/\/julesferry-cannes.fr\/?page_id=439\">BTS Maintenance des syst\u00e8mes de production                           <\/a><\/div>\n<\/div>\n\n\n\n<div class=\"wp-block-buttons is-layout-flex wp-block-buttons-is-layout-flex\">\n<div class=\"wp-block-button is-style-fill\"><a class=\"wp-block-button__link has-white-color has-vivid-purple-background-color has-text-color has-background wp-element-button\" href=\"https:\/\/julesferry-cannes.fr\/?page_id=712\">BTS Maintenance des syst\u00e8mes de production en Alternance<\/a><\/div>\n<\/div>\n\n\n\n<div class=\"wp-block-buttons is-layout-flex wp-block-buttons-is-layout-flex\">\n<div class=\"wp-block-button\"><a class=\"wp-block-button__link has-vivid-cyan-blue-background-color has-background wp-element-button\" href=\"https:\/\/julesferry-cannes.fr\/?page_id=437\">BTS   CIEL Option B : \u00e9lectronique et r\u00e9seaux<\/a><\/div>\n<\/div>\n\n\n\n<div class=\"wp-block-buttons is-layout-flex wp-block-buttons-is-layout-flex\">\n<div class=\"wp-block-button\"><a class=\"wp-block-button__link has-vivid-purple-background-color has-background wp-element-button\" href=\"https:\/\/julesferry-cannes.fr\/?page_id=727\">BTS  CIEL Option B: \u00e9lectronique et r\u00e9seaux en Alternance<\/a><\/div>\n<\/div>\n\n\n\n<p><\/p>\n","protected":false},"excerpt":{"rendered":"<p>Le brevet de technicien sup\u00e9rieur se pr\u00e9pare en 2 ans apr\u00e8s le bac. L\u2019acc\u00e8s est s\u00e9lectif et le rythme de travail soutenu. Pas de d\u00e9paysement majeur par rapport \u00e0 l\u2019ann\u00e9e de terminale, mais un accent sur la professionnalisation. En effet,&hellip;&nbsp;<a href=\"https:\/\/julesferry-cannes.fr\/?page_id=580\" class=\"more-link\">Read More<\/a><\/p>\n","protected":false},"author":3,"featured_media":0,"parent":0,"menu_order":0,"comment_status":"closed","ping_status":"closed","template":"","meta":{"footnotes":""},"_links":{"self":[{"href":"https:\/\/julesferry-cannes.fr\/index.php?rest_route=\/wp\/v2\/pages\/580"}],"collection":[{"href":"https:\/\/julesferry-cannes.fr\/index.php?rest_route=\/wp\/v2\/pages"}],"about":[{"href":"https:\/\/julesferry-cannes.fr\/index.php?rest_route=\/wp\/v2\/types\/page"}],"author":[{"embeddable":true,"href":"https:\/\/julesferry-cannes.fr\/index.php?rest_route=\/wp\/v2\/users\/3"}],"replies":[{"embeddable":true,"href":"https:\/\/julesferry-cannes.fr\/index.php?rest_route=%2Fwp%2Fv2%2Fcomments&post=580"}],"version-history":[{"count":31,"href":"https:\/\/julesferry-cannes.fr\/index.php?rest_route=\/wp\/v2\/pages\/580\/revisions"}],"predecessor-version":[{"id":2733,"href":"https:\/\/julesferry-cannes.fr\/index.php?rest_route=\/wp\/v2\/pages\/580\/revisions\/2733"}],"wp:attachment":[{"href":"https:\/\/julesferry-cannes.fr\/index.php?rest_route=%2Fwp%2Fv2%2Fmedia&parent=580"}],"curies":[{"name":"wp","href":"https:\/\/api.w.org\/{rel}","templated":true}]}}