{"id":39,"date":"2020-08-24T17:17:22","date_gmt":"2020-08-24T15:17:22","guid":{"rendered":"http:\/\/julesferry-cannes.fr\/?page_id=39"},"modified":"2020-12-20T22:31:47","modified_gmt":"2020-12-20T21:31:47","slug":"le-bac-stl","status":"publish","type":"page","link":"https:\/\/julesferry-cannes.fr\/?page_id=39","title":{"rendered":"Le bac STL biotechnologies"},"content":{"rendered":"\n<p>La s\u00e9rie&nbsp;<strong>STL<\/strong>&nbsp;option Biotechnologies s\u2019adresse aux \u00e9l\u00e8ves qui ont une attirance &nbsp;et un go\u00fbt pour les mati\u00e8res scientifiques et plus sp\u00e9cialement les manipulations en laboratoire. Son objectif vise \u00e0 d\u00e9velopper des comp\u00e9tences technologiques et scientifiques au travers de diff\u00e9rentes d\u00e9marches exp\u00e9rimentales. <\/p>\n\n\n\n<hr class=\"wp-block-separator\"\/>\n\n\n\n<p class=\"has-text-align-center has-medium-font-size\"><strong>Organisation des enseignements&nbsp;en 1\u00e8re et terminale<\/strong><\/p>\n\n\n\n<ul><li><strong>Enseignements communs&nbsp;: 13 heures hebdomadaires<\/strong><\/li><\/ul>\n\n\n\n<p>Fran\u00e7ais\u00a0: 3 heures (en 1\u00e8re)<br>Philosophie\u00a0: 2h (en terminale)<br>Histoire-G\u00e9ographie\u00a0: 1h30<br>Enseignement moral et civique\u00a0: 18h annuelles<br>Langues vivantes (3h) et enseignement technologique en Anglais ETLV(1h)<br>EPS\u00a0: 2h<br>Math\u00e9matiques\u00a0: 3h<\/p>\n\n\n\n<ul><li><strong>Enseignements de sp\u00e9cialit\u00e9s&nbsp;: 14h \u00e0 19 hebdomadaires<\/strong><\/li><\/ul>\n\n\n\n<p><strong>Trois enseignements de sp\u00e9cialit\u00e9 en 1\u00e8re<\/strong><br>physique chimie et math\u00e9matiques<br>biochimie biologie<br>biotechnologie<\/p>\n\n\n\n<p><strong>Deux enseignements de sp\u00e9cialit\u00e9 en terminale<\/strong><br>physique chimie et math\u00e9matiques<br>biochimie biologie biotechnologie<\/p>\n\n\n\n<p><em>Aux diff\u00e9rents enseignements sont associ\u00e9es des heures d\u2019accompagnement&nbsp;: accompagnement personnalis\u00e9, accompagnement au choix de l\u2019orientation<\/em><\/p>\n\n\n\n<hr class=\"wp-block-separator\"\/>\n\n\n<a href=\"https:\/\/julesferry-cannes.fr\/wp-content\/uploads\/2020\/12\/plaquette-stl-10-12-1.pdf\" class=\"pdfemb-viewer\" style=\"\" data-width=\"max\" data-height=\"max\"  data-toolbar=\"bottom\" data-toolbar-fixed=\"off\">plaquette-stl-10-12-1<br\/><\/a>\n<p class=\"wp-block-pdfemb-pdf-embedder-viewer\"><\/p>\n\n\n\n<div class=\"wp-block-file\"><a href=\"http:\/\/julesferry-cannes.fr\/wp-content\/uploads\/2020\/12\/plaquette-stl-10-12-1.pdf\" class=\"wp-block-file__button\" download>T\u00e9l\u00e9charger le flyer STL<\/a><\/div>\n\n\n\n<p><\/p>\n","protected":false},"excerpt":{"rendered":"<p>La s\u00e9rie&nbsp;STL&nbsp;option Biotechnologies s\u2019adresse aux \u00e9l\u00e8ves qui ont une attirance &nbsp;et un go\u00fbt pour les mati\u00e8res scientifiques et plus sp\u00e9cialement les manipulations en laboratoire. Son objectif vise \u00e0 d\u00e9velopper des comp\u00e9tences technologiques et scientifiques au travers de diff\u00e9rentes d\u00e9marches exp\u00e9rimentales.&hellip;&nbsp;<a href=\"https:\/\/julesferry-cannes.fr\/?page_id=39\" class=\"more-link\">Read More<\/a><\/p>\n","protected":false},"author":1,"featured_media":0,"parent":0,"menu_order":0,"comment_status":"closed","ping_status":"closed","template":"","meta":{"footnotes":""},"_links":{"self":[{"href":"https:\/\/julesferry-cannes.fr\/index.php?rest_route=\/wp\/v2\/pages\/39"}],"collection":[{"href":"https:\/\/julesferry-cannes.fr\/index.php?rest_route=\/wp\/v2\/pages"}],"about":[{"href":"https:\/\/julesferry-cannes.fr\/index.php?rest_route=\/wp\/v2\/types\/page"}],"author":[{"embeddable":true,"href":"https:\/\/julesferry-cannes.fr\/index.php?rest_route=\/wp\/v2\/users\/1"}],"replies":[{"embeddable":true,"href":"https:\/\/julesferry-cannes.fr\/index.php?rest_route=%2Fwp%2Fv2%2Fcomments&post=39"}],"version-history":[{"count":10,"href":"https:\/\/julesferry-cannes.fr\/index.php?rest_route=\/wp\/v2\/pages\/39\/revisions"}],"predecessor-version":[{"id":950,"href":"https:\/\/julesferry-cannes.fr\/index.php?rest_route=\/wp\/v2\/pages\/39\/revisions\/950"}],"wp:attachment":[{"href":"https:\/\/julesferry-cannes.fr\/index.php?rest_route=%2Fwp%2Fv2%2Fmedia&parent=39"}],"curies":[{"name":"wp","href":"https:\/\/api.w.org\/{rel}","templated":true}]}}