{"id":362,"date":"2018-01-08T14:58:45","date_gmt":"2018-01-08T14:58:45","guid":{"rendered":"https:\/\/demo.axlethemes.com\/education-mind-pro\/?page_id=6"},"modified":"2025-11-18T16:32:40","modified_gmt":"2025-11-18T15:32:40","slug":"about-us","status":"publish","type":"page","link":"https:\/\/julesferry-cannes.fr\/?page_id=362","title":{"rendered":"Le mot du Proviseur"},"content":{"rendered":"\n<p><em>Situ\u00e9 en plein c\u0153ur de l\u2019agglom\u00e9ration cannoise depuis 1916, au sein du quartier R\u00e9publique, quartier b\u00e9n\u00e9ficiant ces derni\u00e8res ann\u00e9es d\u2019une politique de r\u00e9novation urbaine, le lyc\u00e9e Jules Ferry accueille 1200 \u00e9l\u00e8ves, \u00e9tudiants et apprentis.<\/em><\/p>\n\n\n\n<p><em>Notre \u00e9tablissement constitue un p\u00f4le d\u2019enseignement scientifique et technologique reconnu proposant \u00e0 ses \u00e9l\u00e8ves des parcours de la seconde aux formations post bac dans les domaines des sciences fondamentales, de la biotechnologie, du num\u00e9rique, des sciences de l\u2019ing\u00e9nieur et de l\u2019industrie du futur.<\/em><\/p>\n\n\n\n<p><em>Lyc\u00e9e public d\u00e9sectoris\u00e9, il est ouvert \u00e0 tout \u00e9l\u00e8ve qui manifeste de l\u2019int\u00e9r\u00eat pour nos enseignements et dispose d\u2019un h\u00e9bergement au sein d\u2019un internat de 150 places.<\/em><\/p>\n\n\n\n<p><em>Mobilis\u00e9e pour la r\u00e9ussite de tous les \u00e9l\u00e8ves, la communaut\u00e9 \u00e9ducative s\u2019attache \u00e0 accompagner chacune et chacun d\u2019entre eux vers la r\u00e9alisation de ses ambitions scolaires tout en lui permettant d\u2019ouvrir ses perspectives gr\u00e2ce aux labels \u00e9ducatifs soutenant la mobilit\u00e9 europ\u00e9enne et l\u2019\u00e9ducation artistique et culturelle.<\/em><\/p>\n\n\n\n<p><em>La vie lyc\u00e9enne est dynamique, engag\u00e9e dans des actions citoyennes et de pr\u00e9vention, de convivialit\u00e9 et d\u2019am\u00e9lioration de l\u2019environnement du lyc\u00e9e notamment en poursuivant la d\u00e9marche globale de d\u00e9veloppement durable.<\/em><\/p>\n\n\n\n<p><em>Je vous invite \u00e0 venir d\u00e9couvrir notre \u00e9tablissement.<\/em><\/p>\n\n\n\n<p>Pascal FOURNIER<\/p>\n\n\n\n<p><em>Proviseur<\/em><\/p>\n","protected":false},"excerpt":{"rendered":"<p>Situ\u00e9 en plein c\u0153ur de l\u2019agglom\u00e9ration cannoise depuis 1916, au sein du quartier R\u00e9publique, quartier b\u00e9n\u00e9ficiant ces derni\u00e8res ann\u00e9es d\u2019une politique de r\u00e9novation urbaine, le lyc\u00e9e Jules Ferry accueille 1200 \u00e9l\u00e8ves, \u00e9tudiants et apprentis. Notre \u00e9tablissement constitue un p\u00f4le d\u2019enseignement&hellip;&nbsp;<a href=\"https:\/\/julesferry-cannes.fr\/?page_id=362\" class=\"more-link\">Read More<\/a><\/p>\n","protected":false},"author":1,"featured_media":426,"parent":0,"menu_order":0,"comment_status":"closed","ping_status":"closed","template":"","meta":{"footnotes":""},"_links":{"self":[{"href":"https:\/\/julesferry-cannes.fr\/index.php?rest_route=\/wp\/v2\/pages\/362"}],"collection":[{"href":"https:\/\/julesferry-cannes.fr\/index.php?rest_route=\/wp\/v2\/pages"}],"about":[{"href":"https:\/\/julesferry-cannes.fr\/index.php?rest_route=\/wp\/v2\/types\/page"}],"author":[{"embeddable":true,"href":"https:\/\/julesferry-cannes.fr\/index.php?rest_route=\/wp\/v2\/users\/1"}],"replies":[{"embeddable":true,"href":"https:\/\/julesferry-cannes.fr\/index.php?rest_route=%2Fwp%2Fv2%2Fcomments&post=362"}],"version-history":[{"count":7,"href":"https:\/\/julesferry-cannes.fr\/index.php?rest_route=\/wp\/v2\/pages\/362\/revisions"}],"predecessor-version":[{"id":2742,"href":"https:\/\/julesferry-cannes.fr\/index.php?rest_route=\/wp\/v2\/pages\/362\/revisions\/2742"}],"wp:featuredmedia":[{"embeddable":true,"href":"https:\/\/julesferry-cannes.fr\/index.php?rest_route=\/wp\/v2\/media\/426"}],"wp:attachment":[{"href":"https:\/\/julesferry-cannes.fr\/index.php?rest_route=%2Fwp%2Fv2%2Fmedia&parent=362"}],"curies":[{"name":"wp","href":"https:\/\/api.w.org\/{rel}","templated":true}]}}