{"id":1501,"date":"2021-08-26T16:25:52","date_gmt":"2021-08-26T14:25:52","guid":{"rendered":"http:\/\/julesferry-cannes.fr\/?page_id=1501"},"modified":"2024-06-20T16:00:56","modified_gmt":"2024-06-20T14:00:56","slug":"le-comite-international","status":"publish","type":"page","link":"https:\/\/julesferry-cannes.fr\/?page_id=1501","title":{"rendered":"Le comit\u00e9 international"},"content":{"rendered":"\n<h3 class=\"wp-block-heading\">Organigramme et contacts<\/h3>\n\n\n\n<p>Cr\u00e9\u00e9 en 2017, le comit\u00e9 international du lyc\u00e9e g\u00e8re les d\u00e9cisions relatives aux mobilit\u00e9s internationales. Il est constitu\u00e9 de&nbsp;:<\/p>\n\n\n\n<ul>\n<li>\u00a0<strong>Le Proviseur<\/strong>\u00a0: <strong>M MACIAZEK<\/strong><\/li>\n\n\n\n<li> <strong>Le Directeur D\u00e9l\u00e9gu\u00e9 aux Formations<\/strong> : <strong>M<\/strong> <strong>BRUNETTO<\/strong><\/li>\n\n\n\n<li><strong>&nbsp;L\u2019Enseignante R\u00e9f\u00e9rente pour l\u2019Action Europ\u00e9enne et Internationale<\/strong> <\/li>\n\n\n\n<li><strong>La secr\u00e9taire g\u00e9n\u00e9rale<\/strong> : <strong>M<sup>me<\/sup> GIRON<\/strong><\/li>\n\n\n\n<li><strong>5<\/strong> <strong>Enseignants de langues&nbsp;et du domaine professionnel<\/strong><\/li>\n<\/ul>\n\n\n\n<p>Tous ces enseignants et personnels administratifs mettent leur motivation et leurs connaissances des mobilit\u00e9s internationales au service de l\u2019\u00e9tablissement pour proposer les axes prioritaires, valider et g\u00e9rer les mobilit\u00e9s des personnels et des \u00e9l\u00e8ves du domaine scolaire et du sup\u00e9rieur.<\/p>\n","protected":false},"excerpt":{"rendered":"<p>Organigramme et contacts Cr\u00e9\u00e9 en 2017, le comit\u00e9 international du lyc\u00e9e g\u00e8re les d\u00e9cisions relatives aux mobilit\u00e9s internationales. Il est constitu\u00e9 de&nbsp;: Tous ces enseignants et personnels administratifs mettent leur motivation et leurs connaissances des mobilit\u00e9s internationales au service de&hellip;&nbsp;<a href=\"https:\/\/julesferry-cannes.fr\/?page_id=1501\" class=\"more-link\">Read More<\/a><\/p>\n","protected":false},"author":2,"featured_media":0,"parent":0,"menu_order":0,"comment_status":"closed","ping_status":"closed","template":"","meta":{"footnotes":""},"_links":{"self":[{"href":"https:\/\/julesferry-cannes.fr\/index.php?rest_route=\/wp\/v2\/pages\/1501"}],"collection":[{"href":"https:\/\/julesferry-cannes.fr\/index.php?rest_route=\/wp\/v2\/pages"}],"about":[{"href":"https:\/\/julesferry-cannes.fr\/index.php?rest_route=\/wp\/v2\/types\/page"}],"author":[{"embeddable":true,"href":"https:\/\/julesferry-cannes.fr\/index.php?rest_route=\/wp\/v2\/users\/2"}],"replies":[{"embeddable":true,"href":"https:\/\/julesferry-cannes.fr\/index.php?rest_route=%2Fwp%2Fv2%2Fcomments&post=1501"}],"version-history":[{"count":5,"href":"https:\/\/julesferry-cannes.fr\/index.php?rest_route=\/wp\/v2\/pages\/1501\/revisions"}],"predecessor-version":[{"id":2506,"href":"https:\/\/julesferry-cannes.fr\/index.php?rest_route=\/wp\/v2\/pages\/1501\/revisions\/2506"}],"wp:attachment":[{"href":"https:\/\/julesferry-cannes.fr\/index.php?rest_route=%2Fwp%2Fv2%2Fmedia&parent=1501"}],"curies":[{"name":"wp","href":"https:\/\/api.w.org\/{rel}","templated":true}]}}