{"id":116,"date":"2018-01-09T05:51:20","date_gmt":"2018-01-09T05:51:20","guid":{"rendered":"https:\/\/demo.axlethemes.com\/education-mind-pro\/?page_id=116"},"modified":"2024-03-08T15:13:53","modified_gmt":"2024-03-08T14:13:53","slug":"library-facilities","status":"publish","type":"page","link":"https:\/\/julesferry-cannes.fr\/?page_id=116","title":{"rendered":"Un \u00e9quipement de pointe"},"content":{"rendered":"\n<p>Le lyc\u00e9e dispose de laboratoires sp\u00e9cialis\u00e9s tr\u00e8s bien \u00e9quip\u00e9s anisi que de plusieurs salles informatiques.<br>Toutes les salles de cours sont \u00e9quip\u00e9es de vid\u00e9oprojecteur et sont sonoris\u00e9es.<br>Voici quelques photos des diff\u00e9rents laboratoires : ( tr\u00e8s bient\u00f4t !)<br>Pr\u00e9pa TSI et ATS<br>BTS MS<br>BTS CIEL<br>BTS BTK<br>BTS ABM<br>SI<br>STL<br>STI2D :<br>AC ITEC EE SIN<\/p>\n","protected":false},"excerpt":{"rendered":"<p>Le lyc\u00e9e dispose de laboratoires sp\u00e9cialis\u00e9s tr\u00e8s bien \u00e9quip\u00e9s anisi que de plusieurs salles informatiques.Toutes les salles de cours sont \u00e9quip\u00e9es de vid\u00e9oprojecteur et sont sonoris\u00e9es.Voici quelques photos des diff\u00e9rents laboratoires : ( tr\u00e8s bient\u00f4t !)Pr\u00e9pa TSI et ATSBTS MSBTS&hellip;&nbsp;<a href=\"https:\/\/julesferry-cannes.fr\/?page_id=116\" class=\"more-link\">Read More<\/a><\/p>\n","protected":false},"author":1,"featured_media":0,"parent":0,"menu_order":0,"comment_status":"closed","ping_status":"closed","template":"","meta":{"footnotes":""},"_links":{"self":[{"href":"https:\/\/julesferry-cannes.fr\/index.php?rest_route=\/wp\/v2\/pages\/116"}],"collection":[{"href":"https:\/\/julesferry-cannes.fr\/index.php?rest_route=\/wp\/v2\/pages"}],"about":[{"href":"https:\/\/julesferry-cannes.fr\/index.php?rest_route=\/wp\/v2\/types\/page"}],"author":[{"embeddable":true,"href":"https:\/\/julesferry-cannes.fr\/index.php?rest_route=\/wp\/v2\/users\/1"}],"replies":[{"embeddable":true,"href":"https:\/\/julesferry-cannes.fr\/index.php?rest_route=%2Fwp%2Fv2%2Fcomments&post=116"}],"version-history":[{"count":2,"href":"https:\/\/julesferry-cannes.fr\/index.php?rest_route=\/wp\/v2\/pages\/116\/revisions"}],"predecessor-version":[{"id":2418,"href":"https:\/\/julesferry-cannes.fr\/index.php?rest_route=\/wp\/v2\/pages\/116\/revisions\/2418"}],"wp:attachment":[{"href":"https:\/\/julesferry-cannes.fr\/index.php?rest_route=%2Fwp%2Fv2%2Fmedia&parent=116"}],"curies":[{"name":"wp","href":"https:\/\/api.w.org\/{rel}","templated":true}]}}