{"id":115,"date":"2018-01-09T05:53:43","date_gmt":"2018-01-09T05:53:43","guid":{"rendered":"https:\/\/demo.axlethemes.com\/education-mind-pro\/?page_id=115"},"modified":"2024-03-08T14:44:09","modified_gmt":"2024-03-08T13:44:09","slug":"best-professor","status":"publish","type":"page","link":"https:\/\/julesferry-cannes.fr\/?page_id=115","title":{"rendered":"Une \u00e9quipe enseignante dynamique"},"content":{"rendered":"\n<p>L&rsquo;\u00e9quipe \u00e9ducative du lyc\u00e9e comporte 111 professeurs, 2 conseillers principaux d&rsquo;\u00e9ducation, 11 assistants d&rsquo;\u00e9ducation.<br>Voici la r\u00e9partition des professeurs par domaine :<\/p>\n\n\n\n<ul>\n<li>16 professeurs de Math\u00e9matiques<\/li>\n\n\n\n<li>18 professeurs de Physique, Chimie et Physique Appliqu\u00e9e<\/li>\n\n\n\n<li>5 professeurs de Sciences de la Vie et de la Terre<\/li>\n\n\n\n<li>19 professeurs de Sciences Industrielles de l&rsquo;Ing\u00e9nieur<\/li>\n\n\n\n<li>16 professeurs de Biotechnologie, Biochimie et G\u00e9nie Biologique<\/li>\n\n\n\n<li>4 professeurs d&rsquo; EPS<\/li>\n\n\n\n<li>10 professeurs de Lettres Modernes<\/li>\n\n\n\n<li>13 professeurs de Langues Vivantes<\/li>\n\n\n\n<li>6 professeurs d&rsquo;Histoire &#8211; G\u00e9ographie<\/li>\n\n\n\n<li>2 professeurs de Philosophie<\/li>\n\n\n\n<li>1 professeur de Sciences \u00c9conomiques et Sociales<\/li>\n\n\n\n<li>1 Professeur Documentaliste<\/li>\n<\/ul>\n\n\n\n<p>De nombreux projets sont men\u00e9s au lyc\u00e9e \u00e0 l&rsquo;initiative des professeurs et des \u00e9l\u00e8ves. nous pouvons citer :<\/p>\n\n\n\n<ul>\n<li>la mise en place de nombreuses heures d&rsquo;aide personnalis\u00e9e<\/li>\n\n\n\n<li>les diff\u00e9rents club du lyc\u00e9e: th\u00e9\u00e2tre, musique, robotique, vid\u00e9o, web journal<\/li>\n\n\n\n<li>La participation aux diff\u00e9rentes olympiades: math\u00e9matiques, physique, sciences de l&rsquo;ing\u00e9nieur<\/li>\n\n\n\n<li>La mise en place du d\u00e9veloppement durable dans le lyc\u00e9e avec les professeurs r\u00e9f\u00e9rents et les \u00e9co-d\u00e9l\u00e9gu\u00e9s<\/li>\n\n\n\n<li>Le lyc\u00e9e est certifi\u00e9 100% EAC ( \u00e9ducation artistique et culturelle), de nombreuses sorties: th\u00e9\u00e2tre, cin\u00e9ma, visites de mus\u00e9es, rencontres d&rsquo;artistes sont propos\u00e9es aux \u00e9l\u00e8ves.<\/li>\n<\/ul>\n","protected":false},"excerpt":{"rendered":"<p>L&rsquo;\u00e9quipe \u00e9ducative du lyc\u00e9e comporte 111 professeurs, 2 conseillers principaux d&rsquo;\u00e9ducation, 11 assistants d&rsquo;\u00e9ducation.Voici la r\u00e9partition des professeurs par domaine : De nombreux projets sont men\u00e9s au lyc\u00e9e \u00e0 l&rsquo;initiative des professeurs et des \u00e9l\u00e8ves. nous pouvons citer :<\/p>\n","protected":false},"author":1,"featured_media":0,"parent":0,"menu_order":0,"comment_status":"closed","ping_status":"closed","template":"","meta":{"footnotes":""},"_links":{"self":[{"href":"https:\/\/julesferry-cannes.fr\/index.php?rest_route=\/wp\/v2\/pages\/115"}],"collection":[{"href":"https:\/\/julesferry-cannes.fr\/index.php?rest_route=\/wp\/v2\/pages"}],"about":[{"href":"https:\/\/julesferry-cannes.fr\/index.php?rest_route=\/wp\/v2\/types\/page"}],"author":[{"embeddable":true,"href":"https:\/\/julesferry-cannes.fr\/index.php?rest_route=\/wp\/v2\/users\/1"}],"replies":[{"embeddable":true,"href":"https:\/\/julesferry-cannes.fr\/index.php?rest_route=%2Fwp%2Fv2%2Fcomments&post=115"}],"version-history":[{"count":2,"href":"https:\/\/julesferry-cannes.fr\/index.php?rest_route=\/wp\/v2\/pages\/115\/revisions"}],"predecessor-version":[{"id":2412,"href":"https:\/\/julesferry-cannes.fr\/index.php?rest_route=\/wp\/v2\/pages\/115\/revisions\/2412"}],"wp:attachment":[{"href":"https:\/\/julesferry-cannes.fr\/index.php?rest_route=%2Fwp%2Fv2%2Fmedia&parent=115"}],"curies":[{"name":"wp","href":"https:\/\/api.w.org\/{rel}","templated":true}]}}