{"id":114,"date":"2018-01-09T05:53:39","date_gmt":"2018-01-09T04:53:39","guid":{"rendered":"https:\/\/demo.axlethemes.com\/education-mind-pro\/?page_id=114"},"modified":"2023-06-16T21:04:53","modified_gmt":"2023-06-16T19:04:53","slug":"many-courses","status":"publish","type":"page","link":"https:\/\/julesferry-cannes.fr\/?page_id=114","title":{"rendered":"Le lyc\u00e9e en chiffres"},"content":{"rendered":"\n<p>Cliquer sur les fl\u00e8ches pour visualiser les diff\u00e9rents r\u00e9sultats<\/p>\n\n\n<div id=\"accordions-2191\" class=\"accordions-2191 accordions\" data-accordions={&quot;lazyLoad&quot;:true,&quot;id&quot;:&quot;2191&quot;,&quot;event&quot;:&quot;click&quot;,&quot;collapsible&quot;:&quot;true&quot;,&quot;heightStyle&quot;:&quot;content&quot;,&quot;animateStyle&quot;:&quot;swing&quot;,&quot;animateDelay&quot;:1000,&quot;navigation&quot;:true,&quot;active&quot;:999,&quot;expandedOther&quot;:&quot;no&quot;}>\r\n                <div id=\"accordions-lazy-2191\" class=\"accordions-lazy\" accordionsId=\"2191\">\r\n                    <\/div>\r\n\r\n        <div class=\"items\"  style=\"display:none\" >\r\n        \r\n                <div post_id=\"2191\" itemcount=\"0\"  header_id=\"header-1686729489779\" id=\"header-1686729489779\" style=\"\" class=\"accordions-head head1686729489779 border-none\" toggle-text=\"\" main-text=\"Les r\u00e9sultats du Baccalaur\u00e9at\">\r\n                                            <span id=\"accordion-icons-1686729489779\" class=\"accordion-icons\">\r\n                            <span class=\"accordion-icon-active accordion-plus\"><i class=\"fas fa-chevron-up\"><\/i><\/span>\r\n                            <span class=\"accordion-icon-inactive accordion-minus\"><i class=\"fas fa-chevron-right\"><\/i><\/span>\r\n                        <\/span>\r\n                        <span id=\"header-text-1686729489779\" class=\"accordions-head-title\">Les r\u00e9sultats du Baccalaur\u00e9at<\/span>\r\n                                    <\/div>\r\n                <div class=\"accordion-content content1686729489779 \">\r\n                    <p><img loading=\"lazy\" decoding=\"async\" class=\"alignnone wp-image-2422 size-full\" src=\"https:\/\/julesferry-cannes.fr\/wp-content\/uploads\/2024\/03\/taux-reussite-LJF2023.png\" alt=\"\" width=\"803\" height=\"532\" srcset=\"https:\/\/julesferry-cannes.fr\/wp-content\/uploads\/2024\/03\/taux-reussite-LJF2023.png 803w, https:\/\/julesferry-cannes.fr\/wp-content\/uploads\/2024\/03\/taux-reussite-LJF2023-300x199.png 300w, https:\/\/julesferry-cannes.fr\/wp-content\/uploads\/2024\/03\/taux-reussite-LJF2023-768x509.png 768w, https:\/\/julesferry-cannes.fr\/wp-content\/uploads\/2024\/03\/taux-reussite-LJF2023-360x239.png 360w\" sizes=\"(max-width: 803px) 100vw, 803px\" \/><\/p>\n<h2>R\u00e9sultats 2023<\/h2>\n<p><img decoding=\"async\" class=\"alignnone size-large wp-image-2192\" src=\"https:\/\/julesferry-cannes.fr\/wp-content\/uploads\/2024\/03\/ival-2023-1.png\" alt=\"\" \/><br \/>\n<img decoding=\"async\" class=\"alignnone size-large wp-image-2192\" src=\"https:\/\/julesferry-cannes.fr\/wp-content\/uploads\/2024\/03\/ival-2023-2.png\" alt=\"\" \/><br \/>\n<img decoding=\"async\" class=\"alignnone size-large wp-image-2192\" src=\"https:\/\/julesferry-cannes.fr\/wp-content\/uploads\/2024\/03\/ival-2023-3.png\" alt=\"\" \/><br \/>\n<img decoding=\"async\" class=\"alignnone size-large wp-image-2192\" src=\"https:\/\/julesferry-cannes.fr\/wp-content\/uploads\/2024\/03\/ival-2023-4.png\" alt=\"\" \/><\/p>\n<h2>R\u00e9sultats 2022<\/h2>\n<p><img loading=\"lazy\" decoding=\"async\" width=\"1024\" height=\"356\" class=\"alignnone size-large wp-image-2192\" src=\"https:\/\/julesferry-cannes.fr\/wp-content\/uploads\/2023\/06\/ival-2022-1-1024x356.png\" alt=\"\" srcset=\"https:\/\/julesferry-cannes.fr\/wp-content\/uploads\/2023\/06\/ival-2022-1-1024x356.png 1024w, https:\/\/julesferry-cannes.fr\/wp-content\/uploads\/2023\/06\/ival-2022-1-300x104.png 300w, https:\/\/julesferry-cannes.fr\/wp-content\/uploads\/2023\/06\/ival-2022-1-768x267.png 768w, https:\/\/julesferry-cannes.fr\/wp-content\/uploads\/2023\/06\/ival-2022-1-360x125.png 360w, https:\/\/julesferry-cannes.fr\/wp-content\/uploads\/2023\/06\/ival-2022-1.png 1067w\" sizes=\"(max-width: 1024px) 100vw, 1024px\" \/><\/p>\n<p><img loading=\"lazy\" decoding=\"async\" width=\"1024\" height=\"528\" class=\"alignnone size-large wp-image-2193\" src=\"https:\/\/julesferry-cannes.fr\/wp-content\/uploads\/2023\/06\/ival-2022-2-1024x528.png\" alt=\"\" srcset=\"https:\/\/julesferry-cannes.fr\/wp-content\/uploads\/2023\/06\/ival-2022-2-1024x528.png 1024w, https:\/\/julesferry-cannes.fr\/wp-content\/uploads\/2023\/06\/ival-2022-2-300x155.png 300w, https:\/\/julesferry-cannes.fr\/wp-content\/uploads\/2023\/06\/ival-2022-2-768x396.png 768w, https:\/\/julesferry-cannes.fr\/wp-content\/uploads\/2023\/06\/ival-2022-2-360x185.png 360w, https:\/\/julesferry-cannes.fr\/wp-content\/uploads\/2023\/06\/ival-2022-2.png 1087w\" sizes=\"(max-width: 1024px) 100vw, 1024px\" \/><\/p>\n<p><img loading=\"lazy\" decoding=\"async\" width=\"1024\" height=\"545\" class=\"alignnone size-large wp-image-2195\" src=\"https:\/\/julesferry-cannes.fr\/wp-content\/uploads\/2023\/06\/ival-2022-3-1024x545.png\" alt=\"\" srcset=\"https:\/\/julesferry-cannes.fr\/wp-content\/uploads\/2023\/06\/ival-2022-3-1024x545.png 1024w, https:\/\/julesferry-cannes.fr\/wp-content\/uploads\/2023\/06\/ival-2022-3-300x160.png 300w, https:\/\/julesferry-cannes.fr\/wp-content\/uploads\/2023\/06\/ival-2022-3-768x409.png 768w, https:\/\/julesferry-cannes.fr\/wp-content\/uploads\/2023\/06\/ival-2022-3-360x192.png 360w, https:\/\/julesferry-cannes.fr\/wp-content\/uploads\/2023\/06\/ival-2022-3.png 1093w\" sizes=\"(max-width: 1024px) 100vw, 1024px\" \/><\/p>\n<p><img loading=\"lazy\" decoding=\"async\" width=\"1024\" height=\"523\" class=\"alignnone size-large wp-image-2194\" src=\"https:\/\/julesferry-cannes.fr\/wp-content\/uploads\/2023\/06\/ival-2022-4-1024x523.png\" alt=\"\" srcset=\"https:\/\/julesferry-cannes.fr\/wp-content\/uploads\/2023\/06\/ival-2022-4-1024x523.png 1024w, https:\/\/julesferry-cannes.fr\/wp-content\/uploads\/2023\/06\/ival-2022-4-300x153.png 300w, https:\/\/julesferry-cannes.fr\/wp-content\/uploads\/2023\/06\/ival-2022-4-768x392.png 768w, https:\/\/julesferry-cannes.fr\/wp-content\/uploads\/2023\/06\/ival-2022-4-360x184.png 360w, https:\/\/julesferry-cannes.fr\/wp-content\/uploads\/2023\/06\/ival-2022-4.png 1091w\" sizes=\"(max-width: 1024px) 100vw, 1024px\" \/><\/p>\n<h2>R\u00e9sultats 2021<\/h2>\n<p><img loading=\"lazy\" decoding=\"async\" width=\"1024\" height=\"351\" class=\"alignnone size-large wp-image-2200\" src=\"https:\/\/julesferry-cannes.fr\/wp-content\/uploads\/2023\/06\/ival-2021-1-1024x351.png\" alt=\"\" srcset=\"https:\/\/julesferry-cannes.fr\/wp-content\/uploads\/2023\/06\/ival-2021-1-1024x351.png 1024w, https:\/\/julesferry-cannes.fr\/wp-content\/uploads\/2023\/06\/ival-2021-1-300x103.png 300w, https:\/\/julesferry-cannes.fr\/wp-content\/uploads\/2023\/06\/ival-2021-1-768x264.png 768w, https:\/\/julesferry-cannes.fr\/wp-content\/uploads\/2023\/06\/ival-2021-1-360x124.png 360w, https:\/\/julesferry-cannes.fr\/wp-content\/uploads\/2023\/06\/ival-2021-1.png 1058w\" sizes=\"(max-width: 1024px) 100vw, 1024px\" \/><\/p>\n<p><img loading=\"lazy\" decoding=\"async\" width=\"1024\" height=\"528\" class=\"alignnone size-large wp-image-2201\" src=\"https:\/\/julesferry-cannes.fr\/wp-content\/uploads\/2023\/06\/ival-2021-2-1024x528.png\" alt=\"\" srcset=\"https:\/\/julesferry-cannes.fr\/wp-content\/uploads\/2023\/06\/ival-2021-2-1024x528.png 1024w, https:\/\/julesferry-cannes.fr\/wp-content\/uploads\/2023\/06\/ival-2021-2-300x155.png 300w, https:\/\/julesferry-cannes.fr\/wp-content\/uploads\/2023\/06\/ival-2021-2-768x396.png 768w, https:\/\/julesferry-cannes.fr\/wp-content\/uploads\/2023\/06\/ival-2021-2-360x186.png 360w, https:\/\/julesferry-cannes.fr\/wp-content\/uploads\/2023\/06\/ival-2021-2.png 1102w\" sizes=\"(max-width: 1024px) 100vw, 1024px\" \/><\/p>\n<p><img loading=\"lazy\" decoding=\"async\" width=\"1024\" height=\"540\" class=\"alignnone size-large wp-image-2202\" src=\"https:\/\/julesferry-cannes.fr\/wp-content\/uploads\/2023\/06\/ival-2021-3-1024x540.png\" alt=\"\" srcset=\"https:\/\/julesferry-cannes.fr\/wp-content\/uploads\/2023\/06\/ival-2021-3-1024x540.png 1024w, https:\/\/julesferry-cannes.fr\/wp-content\/uploads\/2023\/06\/ival-2021-3-300x158.png 300w, https:\/\/julesferry-cannes.fr\/wp-content\/uploads\/2023\/06\/ival-2021-3-768x405.png 768w, https:\/\/julesferry-cannes.fr\/wp-content\/uploads\/2023\/06\/ival-2021-3-360x190.png 360w, https:\/\/julesferry-cannes.fr\/wp-content\/uploads\/2023\/06\/ival-2021-3.png 1102w\" sizes=\"(max-width: 1024px) 100vw, 1024px\" \/><\/p>\n<p><img loading=\"lazy\" decoding=\"async\" width=\"1024\" height=\"554\" class=\"alignnone size-large wp-image-2203\" src=\"https:\/\/julesferry-cannes.fr\/wp-content\/uploads\/2023\/06\/ival-2021-4-1024x554.png\" alt=\"\" srcset=\"https:\/\/julesferry-cannes.fr\/wp-content\/uploads\/2023\/06\/ival-2021-4-1024x554.png 1024w, https:\/\/julesferry-cannes.fr\/wp-content\/uploads\/2023\/06\/ival-2021-4-300x162.png 300w, https:\/\/julesferry-cannes.fr\/wp-content\/uploads\/2023\/06\/ival-2021-4-768x416.png 768w, https:\/\/julesferry-cannes.fr\/wp-content\/uploads\/2023\/06\/ival-2021-4-360x195.png 360w, https:\/\/julesferry-cannes.fr\/wp-content\/uploads\/2023\/06\/ival-2021-4.png 1086w\" sizes=\"(max-width: 1024px) 100vw, 1024px\" \/><\/p>\n<h2>R\u00e9sultats 2020<\/h2>\n<p><img loading=\"lazy\" decoding=\"async\" width=\"1024\" height=\"352\" class=\"alignnone size-large wp-image-2204\" src=\"https:\/\/julesferry-cannes.fr\/wp-content\/uploads\/2023\/06\/ival-2020-1-1024x352.png\" alt=\"\" srcset=\"https:\/\/julesferry-cannes.fr\/wp-content\/uploads\/2023\/06\/ival-2020-1-1024x352.png 1024w, https:\/\/julesferry-cannes.fr\/wp-content\/uploads\/2023\/06\/ival-2020-1-300x103.png 300w, https:\/\/julesferry-cannes.fr\/wp-content\/uploads\/2023\/06\/ival-2020-1-768x264.png 768w, https:\/\/julesferry-cannes.fr\/wp-content\/uploads\/2023\/06\/ival-2020-1-360x124.png 360w, https:\/\/julesferry-cannes.fr\/wp-content\/uploads\/2023\/06\/ival-2020-1.png 1056w\" sizes=\"(max-width: 1024px) 100vw, 1024px\" \/> <img loading=\"lazy\" decoding=\"async\" width=\"1024\" height=\"525\" class=\"alignnone size-large wp-image-2205\" src=\"https:\/\/julesferry-cannes.fr\/wp-content\/uploads\/2023\/06\/ival-2020-2-1024x525.png\" alt=\"\" srcset=\"https:\/\/julesferry-cannes.fr\/wp-content\/uploads\/2023\/06\/ival-2020-2-1024x525.png 1024w, https:\/\/julesferry-cannes.fr\/wp-content\/uploads\/2023\/06\/ival-2020-2-300x154.png 300w, https:\/\/julesferry-cannes.fr\/wp-content\/uploads\/2023\/06\/ival-2020-2-768x394.png 768w, https:\/\/julesferry-cannes.fr\/wp-content\/uploads\/2023\/06\/ival-2020-2-360x185.png 360w, https:\/\/julesferry-cannes.fr\/wp-content\/uploads\/2023\/06\/ival-2020-2.png 1111w\" sizes=\"(max-width: 1024px) 100vw, 1024px\" \/> <img loading=\"lazy\" decoding=\"async\" width=\"1024\" height=\"550\" class=\"alignnone size-large wp-image-2206\" src=\"https:\/\/julesferry-cannes.fr\/wp-content\/uploads\/2023\/06\/ival-2020-3-1024x550.png\" alt=\"\" srcset=\"https:\/\/julesferry-cannes.fr\/wp-content\/uploads\/2023\/06\/ival-2020-3-1024x550.png 1024w, https:\/\/julesferry-cannes.fr\/wp-content\/uploads\/2023\/06\/ival-2020-3-300x161.png 300w, https:\/\/julesferry-cannes.fr\/wp-content\/uploads\/2023\/06\/ival-2020-3-768x413.png 768w, https:\/\/julesferry-cannes.fr\/wp-content\/uploads\/2023\/06\/ival-2020-3-360x193.png 360w, https:\/\/julesferry-cannes.fr\/wp-content\/uploads\/2023\/06\/ival-2020-3.png 1107w\" sizes=\"(max-width: 1024px) 100vw, 1024px\" \/> <img loading=\"lazy\" decoding=\"async\" width=\"1024\" height=\"556\" class=\"alignnone size-large wp-image-2207\" src=\"https:\/\/julesferry-cannes.fr\/wp-content\/uploads\/2023\/06\/ival-2020-4-1024x556.png\" alt=\"\" srcset=\"https:\/\/julesferry-cannes.fr\/wp-content\/uploads\/2023\/06\/ival-2020-4-1024x556.png 1024w, https:\/\/julesferry-cannes.fr\/wp-content\/uploads\/2023\/06\/ival-2020-4-300x163.png 300w, https:\/\/julesferry-cannes.fr\/wp-content\/uploads\/2023\/06\/ival-2020-4-768x417.png 768w, https:\/\/julesferry-cannes.fr\/wp-content\/uploads\/2023\/06\/ival-2020-4-360x195.png 360w, https:\/\/julesferry-cannes.fr\/wp-content\/uploads\/2023\/06\/ival-2020-4.png 1096w\" sizes=\"(max-width: 1024px) 100vw, 1024px\" \/><\/p>\n<p><img loading=\"lazy\" decoding=\"async\" width=\"1024\" height=\"525\" class=\"alignnone size-large wp-image-2205\" src=\"https:\/\/julesferry-cannes.fr\/wp-content\/uploads\/2023\/06\/ival-2020-2-1024x525.png\" alt=\"\" srcset=\"https:\/\/julesferry-cannes.fr\/wp-content\/uploads\/2023\/06\/ival-2020-2-1024x525.png 1024w, https:\/\/julesferry-cannes.fr\/wp-content\/uploads\/2023\/06\/ival-2020-2-300x154.png 300w, https:\/\/julesferry-cannes.fr\/wp-content\/uploads\/2023\/06\/ival-2020-2-768x394.png 768w, https:\/\/julesferry-cannes.fr\/wp-content\/uploads\/2023\/06\/ival-2020-2-360x185.png 360w, https:\/\/julesferry-cannes.fr\/wp-content\/uploads\/2023\/06\/ival-2020-2.png 1111w\" sizes=\"(max-width: 1024px) 100vw, 1024px\" \/><\/p>\n<p><img loading=\"lazy\" decoding=\"async\" width=\"1024\" height=\"550\" class=\"alignnone size-large wp-image-2206\" src=\"https:\/\/julesferry-cannes.fr\/wp-content\/uploads\/2023\/06\/ival-2020-3-1024x550.png\" alt=\"\" srcset=\"https:\/\/julesferry-cannes.fr\/wp-content\/uploads\/2023\/06\/ival-2020-3-1024x550.png 1024w, https:\/\/julesferry-cannes.fr\/wp-content\/uploads\/2023\/06\/ival-2020-3-300x161.png 300w, https:\/\/julesferry-cannes.fr\/wp-content\/uploads\/2023\/06\/ival-2020-3-768x413.png 768w, https:\/\/julesferry-cannes.fr\/wp-content\/uploads\/2023\/06\/ival-2020-3-360x193.png 360w, https:\/\/julesferry-cannes.fr\/wp-content\/uploads\/2023\/06\/ival-2020-3.png 1107w\" sizes=\"(max-width: 1024px) 100vw, 1024px\" \/><\/p>\n<p><img loading=\"lazy\" decoding=\"async\" width=\"1024\" height=\"556\" class=\"alignnone size-large wp-image-2207\" src=\"https:\/\/julesferry-cannes.fr\/wp-content\/uploads\/2023\/06\/ival-2020-4-1024x556.png\" alt=\"\" srcset=\"https:\/\/julesferry-cannes.fr\/wp-content\/uploads\/2023\/06\/ival-2020-4-1024x556.png 1024w, https:\/\/julesferry-cannes.fr\/wp-content\/uploads\/2023\/06\/ival-2020-4-300x163.png 300w, https:\/\/julesferry-cannes.fr\/wp-content\/uploads\/2023\/06\/ival-2020-4-768x417.png 768w, https:\/\/julesferry-cannes.fr\/wp-content\/uploads\/2023\/06\/ival-2020-4-360x195.png 360w, https:\/\/julesferry-cannes.fr\/wp-content\/uploads\/2023\/06\/ival-2020-4.png 1096w\" sizes=\"(max-width: 1024px) 100vw, 1024px\" \/><\/p>\n<h2>R\u00e9sultats 2019<\/h2>\n<p><img loading=\"lazy\" decoding=\"async\" width=\"1024\" height=\"352\" class=\"alignnone size-large wp-image-2208\" src=\"https:\/\/julesferry-cannes.fr\/wp-content\/uploads\/2023\/06\/ival-2019-1-1024x352.png\" alt=\"\" srcset=\"https:\/\/julesferry-cannes.fr\/wp-content\/uploads\/2023\/06\/ival-2019-1-1024x352.png 1024w, https:\/\/julesferry-cannes.fr\/wp-content\/uploads\/2023\/06\/ival-2019-1-300x103.png 300w, https:\/\/julesferry-cannes.fr\/wp-content\/uploads\/2023\/06\/ival-2019-1-768x264.png 768w, https:\/\/julesferry-cannes.fr\/wp-content\/uploads\/2023\/06\/ival-2019-1-360x124.png 360w, https:\/\/julesferry-cannes.fr\/wp-content\/uploads\/2023\/06\/ival-2019-1.png 1048w\" sizes=\"(max-width: 1024px) 100vw, 1024px\" \/> <img loading=\"lazy\" decoding=\"async\" width=\"1024\" height=\"505\" class=\"alignnone size-large wp-image-2209\" src=\"https:\/\/julesferry-cannes.fr\/wp-content\/uploads\/2023\/06\/ival-2019-2-1024x505.png\" alt=\"\" srcset=\"https:\/\/julesferry-cannes.fr\/wp-content\/uploads\/2023\/06\/ival-2019-2-1024x505.png 1024w, https:\/\/julesferry-cannes.fr\/wp-content\/uploads\/2023\/06\/ival-2019-2-300x148.png 300w, https:\/\/julesferry-cannes.fr\/wp-content\/uploads\/2023\/06\/ival-2019-2-768x379.png 768w, https:\/\/julesferry-cannes.fr\/wp-content\/uploads\/2023\/06\/ival-2019-2-360x178.png 360w, https:\/\/julesferry-cannes.fr\/wp-content\/uploads\/2023\/06\/ival-2019-2.png 1088w\" sizes=\"(max-width: 1024px) 100vw, 1024px\" \/> <img loading=\"lazy\" decoding=\"async\" width=\"1024\" height=\"516\" class=\"alignnone size-large wp-image-2210\" src=\"https:\/\/julesferry-cannes.fr\/wp-content\/uploads\/2023\/06\/ival-2019-3-1024x516.png\" alt=\"\" srcset=\"https:\/\/julesferry-cannes.fr\/wp-content\/uploads\/2023\/06\/ival-2019-3-1024x516.png 1024w, https:\/\/julesferry-cannes.fr\/wp-content\/uploads\/2023\/06\/ival-2019-3-300x151.png 300w, https:\/\/julesferry-cannes.fr\/wp-content\/uploads\/2023\/06\/ival-2019-3-768x387.png 768w, https:\/\/julesferry-cannes.fr\/wp-content\/uploads\/2023\/06\/ival-2019-3-360x181.png 360w, https:\/\/julesferry-cannes.fr\/wp-content\/uploads\/2023\/06\/ival-2019-3.png 1106w\" sizes=\"(max-width: 1024px) 100vw, 1024px\" \/> <img loading=\"lazy\" decoding=\"async\" width=\"1024\" height=\"504\" class=\"alignnone size-large wp-image-2211\" src=\"https:\/\/julesferry-cannes.fr\/wp-content\/uploads\/2023\/06\/ival-2019-4-1024x504.png\" alt=\"\" srcset=\"https:\/\/julesferry-cannes.fr\/wp-content\/uploads\/2023\/06\/ival-2019-4-1024x504.png 1024w, https:\/\/julesferry-cannes.fr\/wp-content\/uploads\/2023\/06\/ival-2019-4-300x148.png 300w, https:\/\/julesferry-cannes.fr\/wp-content\/uploads\/2023\/06\/ival-2019-4-768x378.png 768w, https:\/\/julesferry-cannes.fr\/wp-content\/uploads\/2023\/06\/ival-2019-4-360x177.png 360w, https:\/\/julesferry-cannes.fr\/wp-content\/uploads\/2023\/06\/ival-2019-4.png 1110w\" sizes=\"(max-width: 1024px) 100vw, 1024px\" \/><\/p>\n<p><img loading=\"lazy\" decoding=\"async\" width=\"1024\" height=\"505\" class=\"alignnone size-large wp-image-2209\" src=\"https:\/\/julesferry-cannes.fr\/wp-content\/uploads\/2023\/06\/ival-2019-2-1024x505.png\" alt=\"\" srcset=\"https:\/\/julesferry-cannes.fr\/wp-content\/uploads\/2023\/06\/ival-2019-2-1024x505.png 1024w, https:\/\/julesferry-cannes.fr\/wp-content\/uploads\/2023\/06\/ival-2019-2-300x148.png 300w, https:\/\/julesferry-cannes.fr\/wp-content\/uploads\/2023\/06\/ival-2019-2-768x379.png 768w, https:\/\/julesferry-cannes.fr\/wp-content\/uploads\/2023\/06\/ival-2019-2-360x178.png 360w, https:\/\/julesferry-cannes.fr\/wp-content\/uploads\/2023\/06\/ival-2019-2.png 1088w\" sizes=\"(max-width: 1024px) 100vw, 1024px\" \/><\/p>\n<p><img loading=\"lazy\" decoding=\"async\" width=\"1024\" height=\"516\" class=\"alignnone size-large wp-image-2210\" src=\"https:\/\/julesferry-cannes.fr\/wp-content\/uploads\/2023\/06\/ival-2019-3-1024x516.png\" alt=\"\" srcset=\"https:\/\/julesferry-cannes.fr\/wp-content\/uploads\/2023\/06\/ival-2019-3-1024x516.png 1024w, https:\/\/julesferry-cannes.fr\/wp-content\/uploads\/2023\/06\/ival-2019-3-300x151.png 300w, https:\/\/julesferry-cannes.fr\/wp-content\/uploads\/2023\/06\/ival-2019-3-768x387.png 768w, https:\/\/julesferry-cannes.fr\/wp-content\/uploads\/2023\/06\/ival-2019-3-360x181.png 360w, https:\/\/julesferry-cannes.fr\/wp-content\/uploads\/2023\/06\/ival-2019-3.png 1106w\" sizes=\"(max-width: 1024px) 100vw, 1024px\" \/><\/p>\n<p><img loading=\"lazy\" decoding=\"async\" width=\"1024\" height=\"504\" class=\"alignnone size-large wp-image-2211\" src=\"https:\/\/julesferry-cannes.fr\/wp-content\/uploads\/2023\/06\/ival-2019-4-1024x504.png\" alt=\"\" srcset=\"https:\/\/julesferry-cannes.fr\/wp-content\/uploads\/2023\/06\/ival-2019-4-1024x504.png 1024w, https:\/\/julesferry-cannes.fr\/wp-content\/uploads\/2023\/06\/ival-2019-4-300x148.png 300w, https:\/\/julesferry-cannes.fr\/wp-content\/uploads\/2023\/06\/ival-2019-4-768x378.png 768w, https:\/\/julesferry-cannes.fr\/wp-content\/uploads\/2023\/06\/ival-2019-4-360x177.png 360w, https:\/\/julesferry-cannes.fr\/wp-content\/uploads\/2023\/06\/ival-2019-4.png 1110w\" sizes=\"(max-width: 1024px) 100vw, 1024px\" \/><\/p>\n                <\/div>\r\n        \r\n                <div post_id=\"2191\" itemcount=\"1\"  header_id=\"header-1686729492599\" id=\"header-1686729492599\" style=\"\" class=\"accordions-head head1686729492599 border-none\" toggle-text=\"\" main-text=\"Les int\u00e9grations en \u00e9cole d\u2019ing\u00e9nieur pour les CPGE TSI\">\r\n                                            <span id=\"accordion-icons-1686729492599\" class=\"accordion-icons\">\r\n                            <span class=\"accordion-icon-active accordion-plus\"><i class=\"fas fa-chevron-up\"><\/i><\/span>\r\n                            <span class=\"accordion-icon-inactive accordion-minus\"><i class=\"fas fa-chevron-right\"><\/i><\/span>\r\n                        <\/span>\r\n                        <span id=\"header-text-1686729492599\" class=\"accordions-head-title\">Les int\u00e9grations en \u00e9cole d\u2019ing\u00e9nieur pour les CPGE TSI<\/span>\r\n                                    <\/div>\r\n                <div class=\"accordion-content content1686729492599 \">\r\n                    <p><img loading=\"lazy\" decoding=\"async\" width=\"316\" height=\"318\" class=\"alignnone size-full wp-image-2187\" src=\"https:\/\/julesferry-cannes.fr\/wp-content\/uploads\/2023\/06\/integration_Cannes_2016_2019.png\" alt=\"\" srcset=\"https:\/\/julesferry-cannes.fr\/wp-content\/uploads\/2023\/06\/integration_Cannes_2016_2019.png 316w, https:\/\/julesferry-cannes.fr\/wp-content\/uploads\/2023\/06\/integration_Cannes_2016_2019-298x300.png 298w, https:\/\/julesferry-cannes.fr\/wp-content\/uploads\/2023\/06\/integration_Cannes_2016_2019-150x150.png 150w, https:\/\/julesferry-cannes.fr\/wp-content\/uploads\/2023\/06\/integration_Cannes_2016_2019-268x270.png 268w\" sizes=\"(max-width: 316px) 100vw, 316px\" \/><\/p>\n<p><img loading=\"lazy\" decoding=\"async\" width=\"1293\" height=\"867\" class=\"alignnone size-full wp-image-2199\" src=\"https:\/\/julesferry-cannes.fr\/wp-content\/uploads\/2023\/06\/integration-TSI-detail.jpg\" alt=\"\" srcset=\"https:\/\/julesferry-cannes.fr\/wp-content\/uploads\/2023\/06\/integration-TSI-detail.jpg 1293w, https:\/\/julesferry-cannes.fr\/wp-content\/uploads\/2023\/06\/integration-TSI-detail-300x201.jpg 300w, https:\/\/julesferry-cannes.fr\/wp-content\/uploads\/2023\/06\/integration-TSI-detail-1024x687.jpg 1024w, https:\/\/julesferry-cannes.fr\/wp-content\/uploads\/2023\/06\/integration-TSI-detail-768x515.jpg 768w, https:\/\/julesferry-cannes.fr\/wp-content\/uploads\/2023\/06\/integration-TSI-detail-360x241.jpg 360w\" sizes=\"(max-width: 1293px) 100vw, 1293px\" \/><\/p>\n                <\/div>\r\n        \r\n                <div post_id=\"2191\" itemcount=\"2\"  header_id=\"header-1686729493064\" id=\"header-1686729493064\" style=\"\" class=\"accordions-head head1686729493064 border-none\" toggle-text=\"\" main-text=\"Les int\u00e9grations en \u00e9cole d\u2019ing\u00e9nieur pour les CPGE ATS\">\r\n                                            <span id=\"accordion-icons-1686729493064\" class=\"accordion-icons\">\r\n                            <span class=\"accordion-icon-active accordion-plus\"><i class=\"fas fa-chevron-up\"><\/i><\/span>\r\n                            <span class=\"accordion-icon-inactive accordion-minus\"><i class=\"fas fa-chevron-right\"><\/i><\/span>\r\n                        <\/span>\r\n                        <span id=\"header-text-1686729493064\" class=\"accordions-head-title\">Les int\u00e9grations en \u00e9cole d\u2019ing\u00e9nieur pour les CPGE ATS<\/span>\r\n                                    <\/div>\r\n                <div class=\"accordion-content content1686729493064 \">\r\n                    <p><img loading=\"lazy\" decoding=\"async\" width=\"770\" height=\"798\" class=\"alignnone size-full wp-image-2182\" src=\"https:\/\/julesferry-cannes.fr\/wp-content\/uploads\/2023\/06\/integration-ATS.png\" alt=\"\" srcset=\"https:\/\/julesferry-cannes.fr\/wp-content\/uploads\/2023\/06\/integration-ATS.png 770w, https:\/\/julesferry-cannes.fr\/wp-content\/uploads\/2023\/06\/integration-ATS-289x300.png 289w, https:\/\/julesferry-cannes.fr\/wp-content\/uploads\/2023\/06\/integration-ATS-768x796.png 768w, https:\/\/julesferry-cannes.fr\/wp-content\/uploads\/2023\/06\/integration-ATS-261x270.png 261w\" sizes=\"(max-width: 770px) 100vw, 770px\" \/><\/p>\n                <\/div>\r\n            <\/div>\r\n\r\n\r\n    \r\n                <\/div>\n","protected":false},"excerpt":{"rendered":"<p>Cliquer sur les fl\u00e8ches pour visualiser les diff\u00e9rents r\u00e9sultats<\/p>\n","protected":false},"author":1,"featured_media":2280,"parent":0,"menu_order":0,"comment_status":"closed","ping_status":"closed","template":"","meta":{"footnotes":""},"_links":{"self":[{"href":"https:\/\/julesferry-cannes.fr\/index.php?rest_route=\/wp\/v2\/pages\/114"}],"collection":[{"href":"https:\/\/julesferry-cannes.fr\/index.php?rest_route=\/wp\/v2\/pages"}],"about":[{"href":"https:\/\/julesferry-cannes.fr\/index.php?rest_route=\/wp\/v2\/types\/page"}],"author":[{"embeddable":true,"href":"https:\/\/julesferry-cannes.fr\/index.php?rest_route=\/wp\/v2\/users\/1"}],"replies":[{"embeddable":true,"href":"https:\/\/julesferry-cannes.fr\/index.php?rest_route=%2Fwp%2Fv2%2Fcomments&post=114"}],"version-history":[{"count":11,"href":"https:\/\/julesferry-cannes.fr\/index.php?rest_route=\/wp\/v2\/pages\/114\/revisions"}],"predecessor-version":[{"id":2212,"href":"https:\/\/julesferry-cannes.fr\/index.php?rest_route=\/wp\/v2\/pages\/114\/revisions\/2212"}],"wp:featuredmedia":[{"embeddable":true,"href":"https:\/\/julesferry-cannes.fr\/index.php?rest_route=\/wp\/v2\/media\/2280"}],"wp:attachment":[{"href":"https:\/\/julesferry-cannes.fr\/index.php?rest_route=%2Fwp%2Fv2%2Fmedia&parent=114"}],"curies":[{"name":"wp","href":"https:\/\/api.w.org\/{rel}","templated":true}]}}